{"id":13193,"date":"2024-10-18T15:32:04","date_gmt":"2024-10-18T12:32:04","guid":{"rendered":"https:\/\/roosmann.ee\/kadi7\/?page_id=13193"},"modified":"2024-11-07T11:31:03","modified_gmt":"2024-11-07T09:31:03","slug":"saiad-leivad","status":"publish","type":"page","link":"https:\/\/roosmann.ee\/kadi7\/saiad-leivad\/","title":{"rendered":"Saiad &#038; Leivad"},"content":{"rendered":"\t\t<div data-elementor-type=\"wp-page\" data-elementor-id=\"13193\" class=\"elementor elementor-13193\">\n\t\t\t\t\t\t\t<div class=\"elementor-element elementor-element-972da61 e-flex e-con-boxed e-con e-parent\" data-id=\"972da61\" data-element_type=\"container\" data-settings=\"{&quot;content_width&quot;:&quot;boxed&quot;}\" data-core-v316-plus=\"true\">\n\t\t\t\t\t<div class=\"e-con-inner\">\n\t\t<div class=\"elementor-element elementor-element-d0fc54f e-con-full e-flex e-con e-child\" data-id=\"d0fc54f\" data-element_type=\"container\" data-settings=\"{&quot;content_width&quot;:&quot;full&quot;}\">\n\t\t\t\t<div class=\"elementor-element elementor-element-f9ed443 elementor-widget elementor-widget-text-editor\" data-id=\"f9ed443\" data-element_type=\"widget\" data-widget_type=\"text-editor.default\">\n\t\t\t\t<div class=\"elementor-widget-container\">\n\t\t\t<style>\/*! elementor - v3.18.0 - 20-12-2023 *\/\n.elementor-widget-text-editor.elementor-drop-cap-view-stacked .elementor-drop-cap{background-color:#69727d;color:#fff}.elementor-widget-text-editor.elementor-drop-cap-view-framed .elementor-drop-cap{color:#69727d;border:3px solid;background-color:transparent}.elementor-widget-text-editor:not(.elementor-drop-cap-view-default) .elementor-drop-cap{margin-top:8px}.elementor-widget-text-editor:not(.elementor-drop-cap-view-default) .elementor-drop-cap-letter{width:1em;height:1em}.elementor-widget-text-editor .elementor-drop-cap{float:left;text-align:center;line-height:1;font-size:50px}.elementor-widget-text-editor .elementor-drop-cap-letter{display:inline-block}<\/style>\t\t\t\t<p><strong>Saiad, leivad<\/strong>\u00a0kus iga leib ja sai on valminud armastuse ja hooliga! Juuretise baasil valmistatud leivad ja saiad toovad teie lauale unustamatu maitseelamuse, mis tuletab meelde vanade aegade traditsioone.<\/p>\t\t\t\t\t\t<\/div>\n\t\t\t\t<\/div>\n\t\t\t\t<\/div>\n\t\t<div class=\"elementor-element elementor-element-993687b e-con-full e-flex e-con e-child\" data-id=\"993687b\" data-element_type=\"container\" data-settings=\"{&quot;content_width&quot;:&quot;full&quot;}\">\n\t\t\t\t<div class=\"elementor-element elementor-element-b0667ff elementor-widget elementor-widget-image\" data-id=\"b0667ff\" data-element_type=\"widget\" data-widget_type=\"image.default\">\n\t\t\t\t<div class=\"elementor-widget-container\">\n\t\t\t<style>\/*! elementor - v3.18.0 - 20-12-2023 *\/\n.elementor-widget-image{text-align:center}.elementor-widget-image a{display:inline-block}.elementor-widget-image a img[src$=\".svg\"]{width:48px}.elementor-widget-image img{vertical-align:middle;display:inline-block}<\/style>\t\t\t\t\t\t\t\t\t\t\t\t<img decoding=\"async\" src=\"https:\/\/roosmann.ee\/kadi7\/wp-content\/plugins\/elementor\/assets\/images\/placeholder.png\" title=\"\" alt=\"\" loading=\"lazy\" \/>\t\t\t\t\t\t\t\t\t\t\t\t\t\t\t<\/div>\n\t\t\t\t<\/div>\n\t\t\t\t<\/div>\n\t\t\t\t\t<\/div>\n\t\t\t\t<\/div>\n\t\t\t\t<section class=\"elementor-section elementor-top-section elementor-element elementor-element-84c18a6 qodef-elementor-content-grid elementor-section-boxed elementor-section-height-default elementor-section-height-default\" data-id=\"84c18a6\" data-element_type=\"section\" data-settings=\"{&quot;background_background&quot;:&quot;classic&quot;}\">\n\t\t\t\t\t\t<div class=\"elementor-container elementor-column-gap-default\">\n\t\t\t\t\t<div class=\"elementor-column elementor-col-50 elementor-top-column elementor-element elementor-element-bb8640c\" data-id=\"bb8640c\" data-element_type=\"column\">\n\t\t\t<div class=\"elementor-widget-wrap elementor-element-populated\">\n\t\t\t\t\t\t\t\t<div class=\"elementor-element elementor-element-62e87eb elementor-widget elementor-widget-image\" data-id=\"62e87eb\" data-element_type=\"widget\" data-widget_type=\"image.default\">\n\t\t\t\t<div class=\"elementor-widget-container\">\n\t\t\t\t\t\t\t\t\t\t\t\t\t\t\t<img fetchpriority=\"high\" decoding=\"async\" width=\"650\" height=\"650\" src=\"https:\/\/roosmann.ee\/kadi7\/wp-content\/uploads\/2024\/10\/463884792_513807284969187_1046574510057845652_n-650x650.jpg\" class=\"attachment-swissdelight_core_image_size_square size-swissdelight_core_image_size_square wp-image-13219\" alt=\"\" srcset=\"https:\/\/roosmann.ee\/kadi7\/wp-content\/uploads\/2024\/10\/463884792_513807284969187_1046574510057845652_n-650x650.jpg 650w, https:\/\/roosmann.ee\/kadi7\/wp-content\/uploads\/2024\/10\/463884792_513807284969187_1046574510057845652_n-150x150.jpg 150w, https:\/\/roosmann.ee\/kadi7\/wp-content\/uploads\/2024\/10\/463884792_513807284969187_1046574510057845652_n-1300x1300.jpg 1300w\" sizes=\"(max-width: 650px) 100vw, 650px\" \/>\t\t\t\t\t\t\t\t\t\t\t\t\t\t\t<\/div>\n\t\t\t\t<\/div>\n\t\t\t\t\t<\/div>\n\t\t<\/div>\n\t\t\t\t<div class=\"elementor-column elementor-col-50 elementor-top-column elementor-element elementor-element-1e45fd8\" data-id=\"1e45fd8\" data-element_type=\"column\">\n\t\t\t<div class=\"elementor-widget-wrap elementor-element-populated\">\n\t\t\t\t\t\t\t\t<div class=\"elementor-element elementor-element-fb959f0 elementor-widget elementor-widget-swissdelight_core_section_title\" data-id=\"fb959f0\" data-element_type=\"widget\" data-widget_type=\"swissdelight_core_section_title.default\">\n\t\t\t\t<div class=\"elementor-widget-container\">\n\t\t\t<div class=\"qodef-shortcode qodef-m subtitle-in-content qodef-section-title qodef-alignment--left  qodef-appear-animation--enabled\">\n\t\t<h3 class=\"qodef-m-title\" >\n\t\t\tsaiad\t<\/h3>\n\t\t<\/div>\n\t\t<\/div>\n\t\t\t\t<\/div>\n\t\t\t\t<div class=\"elementor-element elementor-element-7a19bb3 elementor-widget elementor-widget-text-editor\" data-id=\"7a19bb3\" data-element_type=\"widget\" data-widget_type=\"text-editor.default\">\n\t\t\t\t<div class=\"elementor-widget-container\">\n\t\t\t\t\t\t\t<p>Lihtbatoon<\/p><p>Piimabatoon juuretisega<\/p><p>hapusai<\/p><p>k\u00f5rvitsasepik<\/p><p>l\u00f5\u00f5tsasai<\/p>\t\t\t\t\t\t<\/div>\n\t\t\t\t<\/div>\n\t\t\t\t\t<\/div>\n\t\t<\/div>\n\t\t\t\t\t\t\t<\/div>\n\t\t<\/section>\n\t\t\t\t<section class=\"elementor-section elementor-top-section elementor-element elementor-element-22f2954 qodef-elementor-content-grid elementor-section-boxed elementor-section-height-default elementor-section-height-default\" data-id=\"22f2954\" data-element_type=\"section\" data-settings=\"{&quot;background_background&quot;:&quot;classic&quot;}\">\n\t\t\t\t\t\t<div class=\"elementor-container elementor-column-gap-default\">\n\t\t\t\t\t<div class=\"elementor-column elementor-col-50 elementor-top-column elementor-element elementor-element-21b6cfe\" data-id=\"21b6cfe\" data-element_type=\"column\">\n\t\t\t<div class=\"elementor-widget-wrap elementor-element-populated\">\n\t\t\t\t\t\t\t\t<div class=\"elementor-element elementor-element-689f859 elementor-widget elementor-widget-swissdelight_core_section_title\" data-id=\"689f859\" data-element_type=\"widget\" data-widget_type=\"swissdelight_core_section_title.default\">\n\t\t\t\t<div class=\"elementor-widget-container\">\n\t\t\t<div class=\"qodef-shortcode qodef-m subtitle-in-content qodef-section-title qodef-alignment--left  qodef-appear-animation--enabled\">\n\t\t<h3 class=\"qodef-m-title\" >\n\t\t\tleivad\t<\/h3>\n\t\t<\/div>\n\t\t<\/div>\n\t\t\t\t<\/div>\n\t\t\t\t<div class=\"elementor-element elementor-element-6c05fe4 elementor-widget elementor-widget-text-editor\" data-id=\"6c05fe4\" data-element_type=\"widget\" data-widget_type=\"text-editor.default\">\n\t\t\t\t<div class=\"elementor-widget-container\">\n\t\t\t\t\t\t\t<p>\u00a0<\/p><p>\u00a0<\/p>\t\t\t\t\t\t<\/div>\n\t\t\t\t<\/div>\n\t\t\t\t\t<\/div>\n\t\t<\/div>\n\t\t\t\t<div class=\"elementor-column elementor-col-50 elementor-top-column elementor-element elementor-element-50ffe28\" data-id=\"50ffe28\" data-element_type=\"column\">\n\t\t\t<div class=\"elementor-widget-wrap elementor-element-populated\">\n\t\t\t\t\t\t\t\t<div class=\"elementor-element elementor-element-83f1c3e elementor-widget elementor-widget-image\" data-id=\"83f1c3e\" data-element_type=\"widget\" data-widget_type=\"image.default\">\n\t\t\t\t<div class=\"elementor-widget-container\">\n\t\t\t\t\t\t\t\t\t\t\t\t\t\t\t<img decoding=\"async\" width=\"1080\" height=\"1300\" src=\"https:\/\/roosmann.ee\/kadi7\/wp-content\/uploads\/2024\/10\/795fcdfe-5b9f-436d-9314-463ba5ed99af-1080x1300.jpg\" class=\"attachment-qi_addons_for_elementor_image_size_huge-square size-qi_addons_for_elementor_image_size_huge-square wp-image-13202\" alt=\"\" \/>\t\t\t\t\t\t\t\t\t\t\t\t\t\t\t<\/div>\n\t\t\t\t<\/div>\n\t\t\t\t\t<\/div>\n\t\t<\/div>\n\t\t\t\t\t\t\t<\/div>\n\t\t<\/section>\n\t\t\t\t\t\t\t<\/div>\n\t\t","protected":false},"excerpt":{"rendered":"<p>Saiad, leivad\u00a0kus iga leib ja sai on valminud armastuse ja hooliga! Juuretise baasil valmistatud leivad ja saiad toovad teie lauale unustamatu maitseelamuse, mis tuletab meelde vanade aegade traditsioone. saiad Lihtbatoon Piimabatoon juuretisega hapusai k\u00f5rvitsasepik l\u00f5\u00f5tsasai leivad \u00a0 \u00a0<\/p>\n","protected":false},"author":2,"featured_media":0,"parent":0,"menu_order":0,"comment_status":"closed","ping_status":"closed","template":"","meta":{"footnotes":""},"class_list":["post-13193","page","type-page","status-publish","hentry"],"yoast_head":"<!-- This site is optimized with the Yoast SEO plugin v21.7 - https:\/\/yoast.com\/wordpress\/plugins\/seo\/ -->\n<title>Saiad &amp; Leivad - KadiLellep O\u00dc<\/title>\n<meta name=\"robots\" content=\"index, follow, max-snippet:-1, max-image-preview:large, max-video-preview:-1\" \/>\n<link rel=\"canonical\" href=\"https:\/\/roosmann.ee\/kadi7\/saiad-leivad\/\" \/>\n<meta property=\"og:locale\" content=\"en_US\" \/>\n<meta property=\"og:type\" content=\"article\" \/>\n<meta property=\"og:title\" content=\"Saiad &amp; Leivad - KadiLellep O\u00dc\" \/>\n<meta property=\"og:description\" content=\"Saiad, leivad\u00a0kus iga leib ja sai on valminud armastuse ja hooliga! Juuretise baasil valmistatud leivad ja saiad toovad teie lauale unustamatu maitseelamuse, mis tuletab meelde vanade aegade traditsioone. saiad Lihtbatoon Piimabatoon juuretisega hapusai k\u00f5rvitsasepik l\u00f5\u00f5tsasai leivad \u00a0 \u00a0\" \/>\n<meta property=\"og:url\" content=\"https:\/\/roosmann.ee\/kadi7\/saiad-leivad\/\" \/>\n<meta property=\"og:site_name\" content=\"KadiLellep O\u00dc\" \/>\n<meta property=\"article:modified_time\" content=\"2024-11-07T09:31:03+00:00\" \/>\n<meta property=\"og:image\" content=\"https:\/\/roosmann.ee\/kadi7\/wp-content\/plugins\/elementor\/assets\/images\/placeholder.png\" \/>\n<meta name=\"twitter:card\" content=\"summary_large_image\" \/>\n<meta name=\"twitter:label1\" content=\"Est. reading time\" \/>\n\t<meta name=\"twitter:data1\" content=\"1 minute\" \/>\n<script type=\"application\/ld+json\" class=\"yoast-schema-graph\">{\"@context\":\"https:\/\/schema.org\",\"@graph\":[{\"@type\":\"WebPage\",\"@id\":\"https:\/\/roosmann.ee\/kadi7\/saiad-leivad\/\",\"url\":\"https:\/\/roosmann.ee\/kadi7\/saiad-leivad\/\",\"name\":\"Saiad & Leivad - KadiLellep O\u00dc\",\"isPartOf\":{\"@id\":\"https:\/\/roosmann.ee\/kadi7\/#website\"},\"datePublished\":\"2024-10-18T12:32:04+00:00\",\"dateModified\":\"2024-11-07T09:31:03+00:00\",\"breadcrumb\":{\"@id\":\"https:\/\/roosmann.ee\/kadi7\/saiad-leivad\/#breadcrumb\"},\"inLanguage\":\"en-US\",\"potentialAction\":[{\"@type\":\"ReadAction\",\"target\":[\"https:\/\/roosmann.ee\/kadi7\/saiad-leivad\/\"]}]},{\"@type\":\"BreadcrumbList\",\"@id\":\"https:\/\/roosmann.ee\/kadi7\/saiad-leivad\/#breadcrumb\",\"itemListElement\":[{\"@type\":\"ListItem\",\"position\":1,\"name\":\"Home\",\"item\":\"https:\/\/roosmann.ee\/kadi7\/\"},{\"@type\":\"ListItem\",\"position\":2,\"name\":\"Saiad &#038; Leivad\"}]},{\"@type\":\"WebSite\",\"@id\":\"https:\/\/roosmann.ee\/kadi7\/#website\",\"url\":\"https:\/\/roosmann.ee\/kadi7\/\",\"name\":\"KadiLellep O\u00dc\",\"description\":\"kondiitri tooted Tartumaal\",\"publisher\":{\"@id\":\"https:\/\/roosmann.ee\/kadi7\/#organization\"},\"potentialAction\":[{\"@type\":\"SearchAction\",\"target\":{\"@type\":\"EntryPoint\",\"urlTemplate\":\"https:\/\/roosmann.ee\/kadi7\/?s={search_term_string}\"},\"query-input\":\"required name=search_term_string\"}],\"inLanguage\":\"en-US\"},{\"@type\":\"Organization\",\"@id\":\"https:\/\/roosmann.ee\/kadi7\/#organization\",\"name\":\"KadiLellep O\u00dc\",\"url\":\"https:\/\/roosmann.ee\/kadi7\/\",\"logo\":{\"@type\":\"ImageObject\",\"inLanguage\":\"en-US\",\"@id\":\"https:\/\/roosmann.ee\/kadi7\/#\/schema\/logo\/image\/\",\"url\":\"https:\/\/roosmann.ee\/kadi7\/wp-content\/uploads\/2024\/10\/kadilellep.png\",\"contentUrl\":\"https:\/\/roosmann.ee\/kadi7\/wp-content\/uploads\/2024\/10\/kadilellep.png\",\"width\":502,\"height\":153,\"caption\":\"KadiLellep O\u00dc\"},\"image\":{\"@id\":\"https:\/\/roosmann.ee\/kadi7\/#\/schema\/logo\/image\/\"}}]}<\/script>\n<!-- \/ Yoast SEO plugin. -->","yoast_head_json":{"title":"Saiad & Leivad - KadiLellep O\u00dc","robots":{"index":"index","follow":"follow","max-snippet":"max-snippet:-1","max-image-preview":"max-image-preview:large","max-video-preview":"max-video-preview:-1"},"canonical":"https:\/\/roosmann.ee\/kadi7\/saiad-leivad\/","og_locale":"en_US","og_type":"article","og_title":"Saiad & Leivad - KadiLellep O\u00dc","og_description":"Saiad, leivad\u00a0kus iga leib ja sai on valminud armastuse ja hooliga! Juuretise baasil valmistatud leivad ja saiad toovad teie lauale unustamatu maitseelamuse, mis tuletab meelde vanade aegade traditsioone. saiad Lihtbatoon Piimabatoon juuretisega hapusai k\u00f5rvitsasepik l\u00f5\u00f5tsasai leivad \u00a0 \u00a0","og_url":"https:\/\/roosmann.ee\/kadi7\/saiad-leivad\/","og_site_name":"KadiLellep O\u00dc","article_modified_time":"2024-11-07T09:31:03+00:00","og_image":[{"url":"https:\/\/roosmann.ee\/kadi7\/wp-content\/plugins\/elementor\/assets\/images\/placeholder.png"}],"twitter_card":"summary_large_image","twitter_misc":{"Est. reading time":"1 minute"},"schema":{"@context":"https:\/\/schema.org","@graph":[{"@type":"WebPage","@id":"https:\/\/roosmann.ee\/kadi7\/saiad-leivad\/","url":"https:\/\/roosmann.ee\/kadi7\/saiad-leivad\/","name":"Saiad & Leivad - KadiLellep O\u00dc","isPartOf":{"@id":"https:\/\/roosmann.ee\/kadi7\/#website"},"datePublished":"2024-10-18T12:32:04+00:00","dateModified":"2024-11-07T09:31:03+00:00","breadcrumb":{"@id":"https:\/\/roosmann.ee\/kadi7\/saiad-leivad\/#breadcrumb"},"inLanguage":"en-US","potentialAction":[{"@type":"ReadAction","target":["https:\/\/roosmann.ee\/kadi7\/saiad-leivad\/"]}]},{"@type":"BreadcrumbList","@id":"https:\/\/roosmann.ee\/kadi7\/saiad-leivad\/#breadcrumb","itemListElement":[{"@type":"ListItem","position":1,"name":"Home","item":"https:\/\/roosmann.ee\/kadi7\/"},{"@type":"ListItem","position":2,"name":"Saiad &#038; Leivad"}]},{"@type":"WebSite","@id":"https:\/\/roosmann.ee\/kadi7\/#website","url":"https:\/\/roosmann.ee\/kadi7\/","name":"KadiLellep O\u00dc","description":"kondiitri tooted Tartumaal","publisher":{"@id":"https:\/\/roosmann.ee\/kadi7\/#organization"},"potentialAction":[{"@type":"SearchAction","target":{"@type":"EntryPoint","urlTemplate":"https:\/\/roosmann.ee\/kadi7\/?s={search_term_string}"},"query-input":"required name=search_term_string"}],"inLanguage":"en-US"},{"@type":"Organization","@id":"https:\/\/roosmann.ee\/kadi7\/#organization","name":"KadiLellep O\u00dc","url":"https:\/\/roosmann.ee\/kadi7\/","logo":{"@type":"ImageObject","inLanguage":"en-US","@id":"https:\/\/roosmann.ee\/kadi7\/#\/schema\/logo\/image\/","url":"https:\/\/roosmann.ee\/kadi7\/wp-content\/uploads\/2024\/10\/kadilellep.png","contentUrl":"https:\/\/roosmann.ee\/kadi7\/wp-content\/uploads\/2024\/10\/kadilellep.png","width":502,"height":153,"caption":"KadiLellep O\u00dc"},"image":{"@id":"https:\/\/roosmann.ee\/kadi7\/#\/schema\/logo\/image\/"}}]}},"_links":{"self":[{"href":"https:\/\/roosmann.ee\/kadi7\/wp-json\/wp\/v2\/pages\/13193","targetHints":{"allow":["GET"]}}],"collection":[{"href":"https:\/\/roosmann.ee\/kadi7\/wp-json\/wp\/v2\/pages"}],"about":[{"href":"https:\/\/roosmann.ee\/kadi7\/wp-json\/wp\/v2\/types\/page"}],"author":[{"embeddable":true,"href":"https:\/\/roosmann.ee\/kadi7\/wp-json\/wp\/v2\/users\/2"}],"replies":[{"embeddable":true,"href":"https:\/\/roosmann.ee\/kadi7\/wp-json\/wp\/v2\/comments?post=13193"}],"version-history":[{"count":15,"href":"https:\/\/roosmann.ee\/kadi7\/wp-json\/wp\/v2\/pages\/13193\/revisions"}],"predecessor-version":[{"id":13234,"href":"https:\/\/roosmann.ee\/kadi7\/wp-json\/wp\/v2\/pages\/13193\/revisions\/13234"}],"wp:attachment":[{"href":"https:\/\/roosmann.ee\/kadi7\/wp-json\/wp\/v2\/media?parent=13193"}],"curies":[{"name":"wp","href":"https:\/\/api.w.org\/{rel}","templated":true}]}}