{"id":12370,"date":"2023-11-09T04:44:00","date_gmt":"2023-11-09T02:44:00","guid":{"rendered":"https:\/\/roosmann.ee\/kadi7\/?page_id=12370"},"modified":"2024-10-17T17:01:00","modified_gmt":"2024-10-17T14:01:00","slug":"kupsised","status":"publish","type":"page","link":"https:\/\/roosmann.ee\/kadi7\/kupsised\/","title":{"rendered":"K\u00fcpsised"},"content":{"rendered":"\t\t<div data-elementor-type=\"wp-page\" data-elementor-id=\"12370\" class=\"elementor elementor-12370\">\n\t\t\t\t\t\t\t\t\t<section class=\"elementor-section elementor-top-section elementor-element elementor-element-0eaf210 qodef-elementor-content-grid elementor-section-boxed elementor-section-height-default elementor-section-height-default\" data-id=\"0eaf210\" data-element_type=\"section\" data-settings=\"{&quot;background_background&quot;:&quot;classic&quot;}\">\n\t\t\t\t\t\t<div class=\"elementor-container elementor-column-gap-default\">\n\t\t\t\t\t<div class=\"elementor-column elementor-col-50 elementor-top-column elementor-element elementor-element-1604437\" data-id=\"1604437\" data-element_type=\"column\">\n\t\t\t<div class=\"elementor-widget-wrap elementor-element-populated\">\n\t\t\t\t\t\t\t\t<div class=\"elementor-element elementor-element-61008ef elementor-widget elementor-widget-swissdelight_core_section_title\" data-id=\"61008ef\" data-element_type=\"widget\" data-widget_type=\"swissdelight_core_section_title.default\">\n\t\t\t\t<div class=\"elementor-widget-container\">\n\t\t\t<div class=\"qodef-shortcode qodef-m subtitle-in-content qodef-section-title qodef-alignment--left  qodef-appear-animation--enabled\">\n\t\t<h3 class=\"qodef-m-title\" >\n\t\t\tParim kingitus\t<\/h3>\n\t\t<\/div>\n\t\t<\/div>\n\t\t\t\t<\/div>\n\t\t\t\t<div class=\"elementor-element elementor-element-230984a elementor-widget elementor-widget-text-editor\" data-id=\"230984a\" data-element_type=\"widget\" data-widget_type=\"text-editor.default\">\n\t\t\t\t<div class=\"elementor-widget-container\">\n\t\t\t<style>\/*! elementor - v3.18.0 - 20-12-2023 *\/\n.elementor-widget-text-editor.elementor-drop-cap-view-stacked .elementor-drop-cap{background-color:#69727d;color:#fff}.elementor-widget-text-editor.elementor-drop-cap-view-framed .elementor-drop-cap{color:#69727d;border:3px solid;background-color:transparent}.elementor-widget-text-editor:not(.elementor-drop-cap-view-default) .elementor-drop-cap{margin-top:8px}.elementor-widget-text-editor:not(.elementor-drop-cap-view-default) .elementor-drop-cap-letter{width:1em;height:1em}.elementor-widget-text-editor .elementor-drop-cap{float:left;text-align:center;line-height:1;font-size:50px}.elementor-widget-text-editor .elementor-drop-cap-letter{display:inline-block}<\/style>\t\t\t\t<p><span style=\"font-family: 'trebuchet ms', geneva; font-size: 20px;\">Tutvu minu ainulaadse valikuga maitsvatest k\u00fcpsistest, mida saab tellida pakendatult armsatesse purkidesse ja kinkekarpidesse.<\/span><\/p><p><span style=\"font-family: 'trebuchet ms', geneva; font-size: 20px;\">Iga k\u00fcpsis, mille valmistan, on kvaliteetne maitseelamus. Kasutan ainult parimaid koostisosi, et pakkuda Sulle ja Su l\u00e4hedastele kordumatut naudingut.<\/span><\/p><p><span style=\"font-family: 'trebuchet ms', geneva; font-size: 20px;\">Tee oma k\u00fcpsiste tellimus eriliseks, valides need armsatesse purkidesse v\u00f5i stiilsetesse kinkekarpidesse pakendatuna. See ei ole mitte ainult maitsev kingitus, vaid ka pilkup\u00fc\u00fcdev ja hoolikalt pakitud.<\/span><\/p>\t\t\t\t\t\t<\/div>\n\t\t\t\t<\/div>\n\t\t\t\t\t<\/div>\n\t\t<\/div>\n\t\t\t\t<div class=\"elementor-column elementor-col-50 elementor-top-column elementor-element elementor-element-765fdc6\" data-id=\"765fdc6\" data-element_type=\"column\">\n\t\t\t<div class=\"elementor-widget-wrap elementor-element-populated\">\n\t\t\t\t\t\t\t\t<div class=\"elementor-element elementor-element-aaef51f elementor-widget elementor-widget-image\" data-id=\"aaef51f\" data-element_type=\"widget\" data-widget_type=\"image.default\">\n\t\t\t\t<div class=\"elementor-widget-container\">\n\t\t\t<style>\/*! elementor - v3.18.0 - 20-12-2023 *\/\n.elementor-widget-image{text-align:center}.elementor-widget-image a{display:inline-block}.elementor-widget-image a img[src$=\".svg\"]{width:48px}.elementor-widget-image img{vertical-align:middle;display:inline-block}<\/style>\t\t\t\t\t\t\t\t\t\t\t\t<img fetchpriority=\"high\" decoding=\"async\" width=\"1024\" height=\"797\" src=\"https:\/\/roosmann.ee\/kadi7\/wp-content\/uploads\/2023\/11\/329477032_893512951986713_8292977992905513413_n-1-e1699473315484-1024x797.jpg\" class=\"attachment-large size-large wp-image-12222\" alt=\"\" srcset=\"https:\/\/roosmann.ee\/kadi7\/wp-content\/uploads\/2023\/11\/329477032_893512951986713_8292977992905513413_n-1-e1699473315484-1024x797.jpg 1024w, https:\/\/roosmann.ee\/kadi7\/wp-content\/uploads\/2023\/11\/329477032_893512951986713_8292977992905513413_n-1-e1699473315484-300x233.jpg 300w, https:\/\/roosmann.ee\/kadi7\/wp-content\/uploads\/2023\/11\/329477032_893512951986713_8292977992905513413_n-1-e1699473315484-768x598.jpg 768w, https:\/\/roosmann.ee\/kadi7\/wp-content\/uploads\/2023\/11\/329477032_893512951986713_8292977992905513413_n-1-e1699473315484-1536x1196.jpg 1536w, https:\/\/roosmann.ee\/kadi7\/wp-content\/uploads\/2023\/11\/329477032_893512951986713_8292977992905513413_n-1-e1699473315484-600x467.jpg 600w, https:\/\/roosmann.ee\/kadi7\/wp-content\/uploads\/2023\/11\/329477032_893512951986713_8292977992905513413_n-1-e1699473315484.jpg 2048w\" sizes=\"(max-width: 1024px) 100vw, 1024px\" \/>\t\t\t\t\t\t\t\t\t\t\t\t\t\t\t<\/div>\n\t\t\t\t<\/div>\n\t\t\t\t\t<\/div>\n\t\t<\/div>\n\t\t\t\t\t\t\t<\/div>\n\t\t<\/section>\n\t\t\t\t<section class=\"elementor-section elementor-top-section elementor-element elementor-element-159952e qodef-elementor-content-grid elementor-section-boxed elementor-section-height-default elementor-section-height-default\" data-id=\"159952e\" data-element_type=\"section\" data-settings=\"{&quot;background_background&quot;:&quot;classic&quot;}\">\n\t\t\t\t\t\t<div class=\"elementor-container elementor-column-gap-default\">\n\t\t\t\t\t<div class=\"elementor-column elementor-col-50 elementor-top-column elementor-element elementor-element-05dd78d\" data-id=\"05dd78d\" data-element_type=\"column\">\n\t\t\t<div class=\"elementor-widget-wrap elementor-element-populated\">\n\t\t\t\t\t\t\t\t<div class=\"elementor-element elementor-element-df58c7e elementor-widget elementor-widget-image\" data-id=\"df58c7e\" data-element_type=\"widget\" data-widget_type=\"image.default\">\n\t\t\t\t<div class=\"elementor-widget-container\">\n\t\t\t\t\t\t\t\t\t\t\t\t\t\t\t<img decoding=\"async\" width=\"650\" height=\"650\" src=\"https:\/\/roosmann.ee\/kadi7\/wp-content\/uploads\/2024\/10\/326103397_915863269833341_7364364994330361952_n-650x650.jpg\" class=\"attachment-swissdelight_core_image_size_square size-swissdelight_core_image_size_square wp-image-13167\" alt=\"\" srcset=\"https:\/\/roosmann.ee\/kadi7\/wp-content\/uploads\/2024\/10\/326103397_915863269833341_7364364994330361952_n-650x650.jpg 650w, https:\/\/roosmann.ee\/kadi7\/wp-content\/uploads\/2024\/10\/326103397_915863269833341_7364364994330361952_n-150x150.jpg 150w, https:\/\/roosmann.ee\/kadi7\/wp-content\/uploads\/2024\/10\/326103397_915863269833341_7364364994330361952_n-1300x1300.jpg 1300w\" sizes=\"(max-width: 650px) 100vw, 650px\" \/>\t\t\t\t\t\t\t\t\t\t\t\t\t\t\t<\/div>\n\t\t\t\t<\/div>\n\t\t\t\t\t<\/div>\n\t\t<\/div>\n\t\t\t\t<div class=\"elementor-column elementor-col-50 elementor-top-column elementor-element elementor-element-c82e622\" data-id=\"c82e622\" data-element_type=\"column\">\n\t\t\t<div class=\"elementor-widget-wrap elementor-element-populated\">\n\t\t\t\t\t\t\t\t<div class=\"elementor-element elementor-element-41e0b53 elementor-widget elementor-widget-swissdelight_core_section_title\" data-id=\"41e0b53\" data-element_type=\"widget\" data-widget_type=\"swissdelight_core_section_title.default\">\n\t\t\t\t<div class=\"elementor-widget-container\">\n\t\t\t<div class=\"qodef-shortcode qodef-m subtitle-in-content qodef-section-title qodef-alignment--left  qodef-appear-animation--enabled\">\n\t\t<h3 class=\"qodef-m-title\" >\n\t\t\tk\u00fcpsiste maitsete valik\t<\/h3>\n\t\t<\/div>\n\t\t<\/div>\n\t\t\t\t<\/div>\n\t\t\t\t<div class=\"elementor-element elementor-element-2ee3ed4 elementor-widget elementor-widget-text-editor\" data-id=\"2ee3ed4\" data-element_type=\"widget\" data-widget_type=\"text-editor.default\">\n\t\t\t\t<div class=\"elementor-widget-container\">\n\t\t\t\t\t\t\t\t\t\t\t\t\t<\/div>\n\t\t\t\t<\/div>\n\t\t\t\t<div class=\"elementor-element elementor-element-b8d2303 elementor-widget elementor-widget-text-editor\" data-id=\"b8d2303\" data-element_type=\"widget\" data-widget_type=\"text-editor.default\">\n\t\t\t\t<div class=\"elementor-widget-container\">\n\t\t\t\t\t\t\t<p><span style=\"font-family: 'trebuchet ms', geneva; font-size: 20px;\">Glasuuritud v\u00f5ik\u00fcpsised<\/span><\/p><p><span style=\"font-family: 'trebuchet ms', geneva; font-size: 20px;\">V\u00f5ik\u00fcpsised<\/span><\/p><p><span style=\"font-family: 'trebuchet ms', geneva; font-size: 20px;\">Kaerahelbe k\u00fcpsised<\/span><\/p><p><span style=\"font-family: 'trebuchet ms', geneva; font-size: 20px;\">Kookos k\u00fcpsised<\/span><\/p><p><span style=\"font-family: 'trebuchet ms', geneva; font-size: 20px;\">kolme \u0161okolaadi k\u00fcpsised<\/span><\/p><p><span style=\"font-family: 'trebuchet ms', geneva; font-size: 20px;\">Kevadlill<\/span><\/p><p><span style=\"font-family: 'trebuchet ms', geneva; font-size: 20px;\">Beseed<\/span><\/p><p><span style=\"font-family: 'trebuchet ms', geneva; font-size: 20px;\">Piparkoogid<\/span><\/p>\t\t\t\t\t\t<\/div>\n\t\t\t\t<\/div>\n\t\t\t\t\t<\/div>\n\t\t<\/div>\n\t\t\t\t\t\t\t<\/div>\n\t\t<\/section>\n\t\t\t\t\t\t\t<\/div>\n\t\t","protected":false},"excerpt":{"rendered":"<p>Parim kingitus Tutvu minu ainulaadse valikuga maitsvatest k\u00fcpsistest, mida saab tellida pakendatult armsatesse purkidesse ja kinkekarpidesse. Iga k\u00fcpsis, mille valmistan, on kvaliteetne maitseelamus. Kasutan ainult parimaid koostisosi, et pakkuda Sulle ja Su l\u00e4hedastele kordumatut naudingut. Tee oma k\u00fcpsiste tellimus eriliseks, valides need armsatesse purkidesse v\u00f5i stiilsetesse kinkekarpidesse pakendatuna. See ei ole mitte ainult maitsev kingitus, [&hellip;]<\/p>\n","protected":false},"author":2,"featured_media":0,"parent":0,"menu_order":0,"comment_status":"closed","ping_status":"closed","template":"","meta":{"footnotes":""},"class_list":["post-12370","page","type-page","status-publish","hentry"],"yoast_head":"<!-- This site is optimized with the Yoast SEO plugin v21.7 - https:\/\/yoast.com\/wordpress\/plugins\/seo\/ -->\n<title>K\u00fcpsised - KadiLellep O\u00dc<\/title>\n<meta name=\"robots\" content=\"index, follow, max-snippet:-1, max-image-preview:large, max-video-preview:-1\" \/>\n<link rel=\"canonical\" href=\"https:\/\/roosmann.ee\/kadi7\/kupsised\/\" \/>\n<meta property=\"og:locale\" content=\"en_US\" \/>\n<meta property=\"og:type\" content=\"article\" \/>\n<meta property=\"og:title\" content=\"K\u00fcpsised - KadiLellep O\u00dc\" \/>\n<meta property=\"og:description\" content=\"Parim kingitus Tutvu minu ainulaadse valikuga maitsvatest k\u00fcpsistest, mida saab tellida pakendatult armsatesse purkidesse ja kinkekarpidesse. Iga k\u00fcpsis, mille valmistan, on kvaliteetne maitseelamus. Kasutan ainult parimaid koostisosi, et pakkuda Sulle ja Su l\u00e4hedastele kordumatut naudingut. Tee oma k\u00fcpsiste tellimus eriliseks, valides need armsatesse purkidesse v\u00f5i stiilsetesse kinkekarpidesse pakendatuna. See ei ole mitte ainult maitsev kingitus, [&hellip;]\" \/>\n<meta property=\"og:url\" content=\"https:\/\/roosmann.ee\/kadi7\/kupsised\/\" \/>\n<meta property=\"og:site_name\" content=\"KadiLellep O\u00dc\" \/>\n<meta property=\"article:modified_time\" content=\"2024-10-17T14:01:00+00:00\" \/>\n<meta property=\"og:image\" content=\"https:\/\/roosmann.ee\/kadi7\/wp-content\/uploads\/2023\/11\/329477032_893512951986713_8292977992905513413_n-1-e1699473315484-1024x797.jpg\" \/>\n<meta name=\"twitter:card\" content=\"summary_large_image\" \/>\n<meta name=\"twitter:label1\" content=\"Est. reading time\" \/>\n\t<meta name=\"twitter:data1\" content=\"1 minute\" \/>\n<script type=\"application\/ld+json\" class=\"yoast-schema-graph\">{\"@context\":\"https:\/\/schema.org\",\"@graph\":[{\"@type\":\"WebPage\",\"@id\":\"https:\/\/roosmann.ee\/kadi7\/kupsised\/\",\"url\":\"https:\/\/roosmann.ee\/kadi7\/kupsised\/\",\"name\":\"K\u00fcpsised - KadiLellep O\u00dc\",\"isPartOf\":{\"@id\":\"https:\/\/roosmann.ee\/kadi7\/#website\"},\"datePublished\":\"2023-11-09T02:44:00+00:00\",\"dateModified\":\"2024-10-17T14:01:00+00:00\",\"breadcrumb\":{\"@id\":\"https:\/\/roosmann.ee\/kadi7\/kupsised\/#breadcrumb\"},\"inLanguage\":\"en-US\",\"potentialAction\":[{\"@type\":\"ReadAction\",\"target\":[\"https:\/\/roosmann.ee\/kadi7\/kupsised\/\"]}]},{\"@type\":\"BreadcrumbList\",\"@id\":\"https:\/\/roosmann.ee\/kadi7\/kupsised\/#breadcrumb\",\"itemListElement\":[{\"@type\":\"ListItem\",\"position\":1,\"name\":\"Home\",\"item\":\"https:\/\/roosmann.ee\/kadi7\/\"},{\"@type\":\"ListItem\",\"position\":2,\"name\":\"K\u00fcpsised\"}]},{\"@type\":\"WebSite\",\"@id\":\"https:\/\/roosmann.ee\/kadi7\/#website\",\"url\":\"https:\/\/roosmann.ee\/kadi7\/\",\"name\":\"KadiLellep O\u00dc\",\"description\":\"kondiitri tooted Tartumaal\",\"publisher\":{\"@id\":\"https:\/\/roosmann.ee\/kadi7\/#organization\"},\"potentialAction\":[{\"@type\":\"SearchAction\",\"target\":{\"@type\":\"EntryPoint\",\"urlTemplate\":\"https:\/\/roosmann.ee\/kadi7\/?s={search_term_string}\"},\"query-input\":\"required name=search_term_string\"}],\"inLanguage\":\"en-US\"},{\"@type\":\"Organization\",\"@id\":\"https:\/\/roosmann.ee\/kadi7\/#organization\",\"name\":\"KadiLellep O\u00dc\",\"url\":\"https:\/\/roosmann.ee\/kadi7\/\",\"logo\":{\"@type\":\"ImageObject\",\"inLanguage\":\"en-US\",\"@id\":\"https:\/\/roosmann.ee\/kadi7\/#\/schema\/logo\/image\/\",\"url\":\"https:\/\/roosmann.ee\/kadi7\/wp-content\/uploads\/2024\/10\/kadilellep.png\",\"contentUrl\":\"https:\/\/roosmann.ee\/kadi7\/wp-content\/uploads\/2024\/10\/kadilellep.png\",\"width\":502,\"height\":153,\"caption\":\"KadiLellep O\u00dc\"},\"image\":{\"@id\":\"https:\/\/roosmann.ee\/kadi7\/#\/schema\/logo\/image\/\"}}]}<\/script>\n<!-- \/ Yoast SEO plugin. -->","yoast_head_json":{"title":"K\u00fcpsised - KadiLellep O\u00dc","robots":{"index":"index","follow":"follow","max-snippet":"max-snippet:-1","max-image-preview":"max-image-preview:large","max-video-preview":"max-video-preview:-1"},"canonical":"https:\/\/roosmann.ee\/kadi7\/kupsised\/","og_locale":"en_US","og_type":"article","og_title":"K\u00fcpsised - KadiLellep O\u00dc","og_description":"Parim kingitus Tutvu minu ainulaadse valikuga maitsvatest k\u00fcpsistest, mida saab tellida pakendatult armsatesse purkidesse ja kinkekarpidesse. Iga k\u00fcpsis, mille valmistan, on kvaliteetne maitseelamus. Kasutan ainult parimaid koostisosi, et pakkuda Sulle ja Su l\u00e4hedastele kordumatut naudingut. Tee oma k\u00fcpsiste tellimus eriliseks, valides need armsatesse purkidesse v\u00f5i stiilsetesse kinkekarpidesse pakendatuna. See ei ole mitte ainult maitsev kingitus, [&hellip;]","og_url":"https:\/\/roosmann.ee\/kadi7\/kupsised\/","og_site_name":"KadiLellep O\u00dc","article_modified_time":"2024-10-17T14:01:00+00:00","og_image":[{"url":"https:\/\/roosmann.ee\/kadi7\/wp-content\/uploads\/2023\/11\/329477032_893512951986713_8292977992905513413_n-1-e1699473315484-1024x797.jpg"}],"twitter_card":"summary_large_image","twitter_misc":{"Est. reading time":"1 minute"},"schema":{"@context":"https:\/\/schema.org","@graph":[{"@type":"WebPage","@id":"https:\/\/roosmann.ee\/kadi7\/kupsised\/","url":"https:\/\/roosmann.ee\/kadi7\/kupsised\/","name":"K\u00fcpsised - KadiLellep O\u00dc","isPartOf":{"@id":"https:\/\/roosmann.ee\/kadi7\/#website"},"datePublished":"2023-11-09T02:44:00+00:00","dateModified":"2024-10-17T14:01:00+00:00","breadcrumb":{"@id":"https:\/\/roosmann.ee\/kadi7\/kupsised\/#breadcrumb"},"inLanguage":"en-US","potentialAction":[{"@type":"ReadAction","target":["https:\/\/roosmann.ee\/kadi7\/kupsised\/"]}]},{"@type":"BreadcrumbList","@id":"https:\/\/roosmann.ee\/kadi7\/kupsised\/#breadcrumb","itemListElement":[{"@type":"ListItem","position":1,"name":"Home","item":"https:\/\/roosmann.ee\/kadi7\/"},{"@type":"ListItem","position":2,"name":"K\u00fcpsised"}]},{"@type":"WebSite","@id":"https:\/\/roosmann.ee\/kadi7\/#website","url":"https:\/\/roosmann.ee\/kadi7\/","name":"KadiLellep O\u00dc","description":"kondiitri tooted Tartumaal","publisher":{"@id":"https:\/\/roosmann.ee\/kadi7\/#organization"},"potentialAction":[{"@type":"SearchAction","target":{"@type":"EntryPoint","urlTemplate":"https:\/\/roosmann.ee\/kadi7\/?s={search_term_string}"},"query-input":"required name=search_term_string"}],"inLanguage":"en-US"},{"@type":"Organization","@id":"https:\/\/roosmann.ee\/kadi7\/#organization","name":"KadiLellep O\u00dc","url":"https:\/\/roosmann.ee\/kadi7\/","logo":{"@type":"ImageObject","inLanguage":"en-US","@id":"https:\/\/roosmann.ee\/kadi7\/#\/schema\/logo\/image\/","url":"https:\/\/roosmann.ee\/kadi7\/wp-content\/uploads\/2024\/10\/kadilellep.png","contentUrl":"https:\/\/roosmann.ee\/kadi7\/wp-content\/uploads\/2024\/10\/kadilellep.png","width":502,"height":153,"caption":"KadiLellep O\u00dc"},"image":{"@id":"https:\/\/roosmann.ee\/kadi7\/#\/schema\/logo\/image\/"}}]}},"_links":{"self":[{"href":"https:\/\/roosmann.ee\/kadi7\/wp-json\/wp\/v2\/pages\/12370","targetHints":{"allow":["GET"]}}],"collection":[{"href":"https:\/\/roosmann.ee\/kadi7\/wp-json\/wp\/v2\/pages"}],"about":[{"href":"https:\/\/roosmann.ee\/kadi7\/wp-json\/wp\/v2\/types\/page"}],"author":[{"embeddable":true,"href":"https:\/\/roosmann.ee\/kadi7\/wp-json\/wp\/v2\/users\/2"}],"replies":[{"embeddable":true,"href":"https:\/\/roosmann.ee\/kadi7\/wp-json\/wp\/v2\/comments?post=12370"}],"version-history":[{"count":34,"href":"https:\/\/roosmann.ee\/kadi7\/wp-json\/wp\/v2\/pages\/12370\/revisions"}],"predecessor-version":[{"id":13171,"href":"https:\/\/roosmann.ee\/kadi7\/wp-json\/wp\/v2\/pages\/12370\/revisions\/13171"}],"wp:attachment":[{"href":"https:\/\/roosmann.ee\/kadi7\/wp-json\/wp\/v2\/media?parent=12370"}],"curies":[{"name":"wp","href":"https:\/\/api.w.org\/{rel}","templated":true}]}}