{"id":12368,"date":"2023-11-09T04:43:34","date_gmt":"2023-11-09T02:43:34","guid":{"rendered":"https:\/\/roosmann.ee\/kadi7\/?page_id=12368"},"modified":"2024-01-11T18:46:21","modified_gmt":"2024-01-11T16:46:21","slug":"pulgakoogid","status":"publish","type":"page","link":"https:\/\/roosmann.ee\/kadi7\/pulgakoogid\/","title":{"rendered":"Pulgakoogid"},"content":{"rendered":"\t\t<div data-elementor-type=\"wp-page\" data-elementor-id=\"12368\" class=\"elementor elementor-12368\">\n\t\t\t\t\t\t\t\t\t<section class=\"elementor-section elementor-top-section elementor-element elementor-element-7ce9cc7 qodef-elementor-content-grid elementor-section-boxed elementor-section-height-default elementor-section-height-default\" data-id=\"7ce9cc7\" data-element_type=\"section\" data-settings=\"{&quot;background_background&quot;:&quot;classic&quot;}\">\n\t\t\t\t\t\t<div class=\"elementor-container elementor-column-gap-default\">\n\t\t\t\t\t<div class=\"elementor-column elementor-col-50 elementor-top-column elementor-element elementor-element-fc4fdcd\" data-id=\"fc4fdcd\" data-element_type=\"column\">\n\t\t\t<div class=\"elementor-widget-wrap elementor-element-populated\">\n\t\t\t\t\t\t\t\t<div class=\"elementor-element elementor-element-3fe1917 elementor-widget elementor-widget-image\" data-id=\"3fe1917\" data-element_type=\"widget\" data-widget_type=\"image.default\">\n\t\t\t\t<div class=\"elementor-widget-container\">\n\t\t\t<style>\/*! elementor - v3.18.0 - 20-12-2023 *\/\n.elementor-widget-image{text-align:center}.elementor-widget-image a{display:inline-block}.elementor-widget-image a img[src$=\".svg\"]{width:48px}.elementor-widget-image img{vertical-align:middle;display:inline-block}<\/style>\t\t\t\t\t\t\t\t\t\t\t\t<img fetchpriority=\"high\" decoding=\"async\" width=\"1024\" height=\"790\" src=\"https:\/\/roosmann.ee\/kadi7\/wp-content\/uploads\/2023\/11\/347023829_279398954508580_4204958215125166504_n-1-e1699475698801-1024x790.jpg\" class=\"attachment-large size-large wp-image-12236\" alt=\"Pulgakoogid Tartumaal-KadiLellep O\u00dc\" srcset=\"https:\/\/roosmann.ee\/kadi7\/wp-content\/uploads\/2023\/11\/347023829_279398954508580_4204958215125166504_n-1-e1699475698801-1024x790.jpg 1024w, https:\/\/roosmann.ee\/kadi7\/wp-content\/uploads\/2023\/11\/347023829_279398954508580_4204958215125166504_n-1-e1699475698801-300x231.jpg 300w, https:\/\/roosmann.ee\/kadi7\/wp-content\/uploads\/2023\/11\/347023829_279398954508580_4204958215125166504_n-1-e1699475698801-768x593.jpg 768w, https:\/\/roosmann.ee\/kadi7\/wp-content\/uploads\/2023\/11\/347023829_279398954508580_4204958215125166504_n-1-e1699475698801-1536x1185.jpg 1536w, https:\/\/roosmann.ee\/kadi7\/wp-content\/uploads\/2023\/11\/347023829_279398954508580_4204958215125166504_n-1-e1699475698801-600x463.jpg 600w\" sizes=\"(max-width: 1024px) 100vw, 1024px\" \/>\t\t\t\t\t\t\t\t\t\t\t\t\t\t\t<\/div>\n\t\t\t\t<\/div>\n\t\t\t\t\t<\/div>\n\t\t<\/div>\n\t\t\t\t<div class=\"elementor-column elementor-col-50 elementor-top-column elementor-element elementor-element-dd44cc3\" data-id=\"dd44cc3\" data-element_type=\"column\">\n\t\t\t<div class=\"elementor-widget-wrap elementor-element-populated\">\n\t\t\t\t\t\t\t\t<div class=\"elementor-element elementor-element-1bbe5df elementor-widget elementor-widget-swissdelight_core_section_title\" data-id=\"1bbe5df\" data-element_type=\"widget\" data-widget_type=\"swissdelight_core_section_title.default\">\n\t\t\t\t<div class=\"elementor-widget-container\">\n\t\t\t<div class=\"qodef-shortcode qodef-m  qodef-section-title qodef-alignment--left  qodef-appear-animation--enabled\">\n\t\t<h3 class=\"qodef-m-title\" >\n\t\t\tpulgakoogi Elegants ja Maitse\t<\/h3>\n\t\t<\/div>\n\t\t<\/div>\n\t\t\t\t<\/div>\n\t\t\t\t<div class=\"elementor-element elementor-element-06d8458 elementor-widget elementor-widget-text-editor\" data-id=\"06d8458\" data-element_type=\"widget\" data-widget_type=\"text-editor.default\">\n\t\t\t\t<div class=\"elementor-widget-container\">\n\t\t\t<style>\/*! elementor - v3.18.0 - 20-12-2023 *\/\n.elementor-widget-text-editor.elementor-drop-cap-view-stacked .elementor-drop-cap{background-color:#69727d;color:#fff}.elementor-widget-text-editor.elementor-drop-cap-view-framed .elementor-drop-cap{color:#69727d;border:3px solid;background-color:transparent}.elementor-widget-text-editor:not(.elementor-drop-cap-view-default) .elementor-drop-cap{margin-top:8px}.elementor-widget-text-editor:not(.elementor-drop-cap-view-default) .elementor-drop-cap-letter{width:1em;height:1em}.elementor-widget-text-editor .elementor-drop-cap{float:left;text-align:center;line-height:1;font-size:50px}.elementor-widget-text-editor .elementor-drop-cap-letter{display:inline-block}<\/style>\t\t\t\t<h4><span style=\"font-family: 'trebuchet ms', geneva; font-size: 22px;\"><strong>Kujunda Unikaalne pulgakoogi V\u00e4limus<\/strong><\/span><\/h4><p><span style=\"font-family: 'trebuchet ms', geneva; font-size: 20px;\">Valmistan pulgakooke, kus Sina saad olla disaineriks. Kujunda unikaalne v\u00e4limus s\u00fcnnip\u00e4evaks, pulmadeks, s\u00f5brap\u00e4evaks, halloweeniks v\u00f5i mis iganes idee sul m\u00f5ttes on. Vali v\u00e4rvid, mustrid v\u00f5i isegi erilised s\u00fcndmusele vastavad teemad, et luua unikaalne ja isikup\u00e4rane pulgakook, mis sobib ideaalselt Sinu t\u00e4htp\u00e4evadele.<\/span><\/p><h4><span style=\"font-family: 'trebuchet ms', geneva; font-size: 22px;\"><strong>K\u00e4sitsi Valmistatud pulgakoogid<\/strong><\/span><\/h4><p><span style=\"font-family: 'trebuchet ms', geneva; font-size: 20px;\">Minu pulgakookide s\u00fcdameks on hoolikalt valmistatud biskviit ja kvaliteetne toorjuust, mis pakub t\u00e4iuslikku magusat naudingut. Iga pulgakook valmib k\u00e4sit\u00f6\u00f6na, pannes r\u00f5hku detailidele ja unikaalsusele.<\/span><\/p><p><span style=\"font-family: 'trebuchet ms', geneva; font-size: 20px;\">Pulgakookide pealmine kiht on kaetud kvaliteetse ja siidise \u0161okolaadiga, mis annab igale ampsule intensiivse maitseelamuse. \u0160okolaadikate lisab pulgakookidele erilise s\u00e4ra ja naudingu.<\/span><\/p>\t\t\t\t\t\t<\/div>\n\t\t\t\t<\/div>\n\t\t\t\t\t<\/div>\n\t\t<\/div>\n\t\t\t\t\t\t\t<\/div>\n\t\t<\/section>\n\t\t\t\t<section class=\"elementor-section elementor-top-section elementor-element elementor-element-82e943f qodef-elementor-content-grid elementor-section-boxed elementor-section-height-default elementor-section-height-default\" data-id=\"82e943f\" data-element_type=\"section\" data-settings=\"{&quot;background_background&quot;:&quot;classic&quot;}\">\n\t\t\t\t\t\t<div class=\"elementor-container elementor-column-gap-default\">\n\t\t\t\t\t<div class=\"elementor-column elementor-col-50 elementor-top-column elementor-element elementor-element-a6ce57b\" data-id=\"a6ce57b\" data-element_type=\"column\">\n\t\t\t<div class=\"elementor-widget-wrap elementor-element-populated\">\n\t\t\t\t\t\t\t\t<div class=\"elementor-element elementor-element-7c11f2f elementor-widget elementor-widget-text-editor\" data-id=\"7c11f2f\" data-element_type=\"widget\" data-widget_type=\"text-editor.default\">\n\t\t\t\t<div class=\"elementor-widget-container\">\n\t\t\t\t\t\t\t<h4><span style=\"font-family: 'trebuchet ms', geneva; font-size: 22px;\"><strong>Mitmek\u00fclgsed maiused<\/strong><\/span><\/h4><p><span style=\"font-family: 'trebuchet ms', geneva; font-size: 20px;\">Pulgakookid sobivad ideaalselt igaks s\u00fcndmuseks &#8211; pulmad, s\u00fcnnip\u00e4evad, beebi peod v\u00f5i lihtsalt magusad hetked.<\/span><\/p><h4><span style=\"font-family: 'trebuchet ms', geneva; font-size: 22px;\"><strong>Vanilje pulgakoogid<\/strong><\/span><\/h4><p><span style=\"font-family: 'trebuchet ms', geneva; font-size: 20px;\">Vaniljepulgakook on \u00f5rnalt magus ja pehme. Vanilje lisab\u00a0 maheda ja kerge noodi.<\/span><\/p><h4><span style=\"font-size: 22px; font-family: 'trebuchet ms', geneva;\"><strong>Kakao pulgakoogid<\/strong><\/span><\/h4><p><span style=\"font-family: 'trebuchet ms', geneva; font-size: 20px;\">Kakao pulgakook on rikkalik ja m\u00f5nusalt \u0161okolaadine. Kakao annab pulgakoogile tummise ja intensiivse maitse, mis sulab suus, pakkudes r\u00f5\u00f5mu \u0161okolaadiarmastajatele.<\/span><\/p>\t\t\t\t\t\t<\/div>\n\t\t\t\t<\/div>\n\t\t\t\t\t<\/div>\n\t\t<\/div>\n\t\t\t\t<div class=\"elementor-column elementor-col-50 elementor-top-column elementor-element elementor-element-94f3bb3\" data-id=\"94f3bb3\" data-element_type=\"column\">\n\t\t\t<div class=\"elementor-widget-wrap elementor-element-populated\">\n\t\t\t\t\t\t\t\t\t<\/div>\n\t\t<\/div>\n\t\t\t\t\t\t\t<\/div>\n\t\t<\/section>\n\t\t\t\t\t\t\t<\/div>\n\t\t","protected":false},"excerpt":{"rendered":"<p>pulgakoogi Elegants ja Maitse Kujunda Unikaalne pulgakoogi V\u00e4limus Valmistan pulgakooke, kus Sina saad olla disaineriks. Kujunda unikaalne v\u00e4limus s\u00fcnnip\u00e4evaks, pulmadeks, s\u00f5brap\u00e4evaks, halloweeniks v\u00f5i mis iganes idee sul m\u00f5ttes on. Vali v\u00e4rvid, mustrid v\u00f5i isegi erilised s\u00fcndmusele vastavad teemad, et luua unikaalne ja isikup\u00e4rane pulgakook, mis sobib ideaalselt Sinu t\u00e4htp\u00e4evadele. K\u00e4sitsi Valmistatud pulgakoogid Minu pulgakookide s\u00fcdameks [&hellip;]<\/p>\n","protected":false},"author":2,"featured_media":0,"parent":0,"menu_order":0,"comment_status":"closed","ping_status":"closed","template":"","meta":{"footnotes":""},"class_list":["post-12368","page","type-page","status-publish","hentry"],"yoast_head":"<!-- This site is optimized with the Yoast SEO plugin v21.7 - https:\/\/yoast.com\/wordpress\/plugins\/seo\/ -->\n<title>Pulgakoogid - KadiLellep O\u00dc<\/title>\n<meta name=\"robots\" content=\"index, follow, max-snippet:-1, max-image-preview:large, max-video-preview:-1\" \/>\n<link rel=\"canonical\" href=\"https:\/\/roosmann.ee\/kadi7\/pulgakoogid\/\" \/>\n<meta property=\"og:locale\" content=\"en_US\" \/>\n<meta property=\"og:type\" content=\"article\" \/>\n<meta property=\"og:title\" content=\"Pulgakoogid - KadiLellep O\u00dc\" \/>\n<meta property=\"og:description\" content=\"pulgakoogi Elegants ja Maitse Kujunda Unikaalne pulgakoogi V\u00e4limus Valmistan pulgakooke, kus Sina saad olla disaineriks. Kujunda unikaalne v\u00e4limus s\u00fcnnip\u00e4evaks, pulmadeks, s\u00f5brap\u00e4evaks, halloweeniks v\u00f5i mis iganes idee sul m\u00f5ttes on. Vali v\u00e4rvid, mustrid v\u00f5i isegi erilised s\u00fcndmusele vastavad teemad, et luua unikaalne ja isikup\u00e4rane pulgakook, mis sobib ideaalselt Sinu t\u00e4htp\u00e4evadele. K\u00e4sitsi Valmistatud pulgakoogid Minu pulgakookide s\u00fcdameks [&hellip;]\" \/>\n<meta property=\"og:url\" content=\"https:\/\/roosmann.ee\/kadi7\/pulgakoogid\/\" \/>\n<meta property=\"og:site_name\" content=\"KadiLellep O\u00dc\" \/>\n<meta property=\"article:modified_time\" content=\"2024-01-11T16:46:21+00:00\" \/>\n<meta property=\"og:image\" content=\"https:\/\/roosmann.ee\/kadi7\/wp-content\/uploads\/2023\/11\/347023829_279398954508580_4204958215125166504_n-1-e1699475698801-1024x790.jpg\" \/>\n<meta name=\"twitter:card\" content=\"summary_large_image\" \/>\n<meta name=\"twitter:label1\" content=\"Est. reading time\" \/>\n\t<meta name=\"twitter:data1\" content=\"1 minute\" \/>\n<script type=\"application\/ld+json\" class=\"yoast-schema-graph\">{\"@context\":\"https:\/\/schema.org\",\"@graph\":[{\"@type\":\"WebPage\",\"@id\":\"https:\/\/roosmann.ee\/kadi7\/pulgakoogid\/\",\"url\":\"https:\/\/roosmann.ee\/kadi7\/pulgakoogid\/\",\"name\":\"Pulgakoogid - KadiLellep O\u00dc\",\"isPartOf\":{\"@id\":\"https:\/\/roosmann.ee\/kadi7\/#website\"},\"datePublished\":\"2023-11-09T02:43:34+00:00\",\"dateModified\":\"2024-01-11T16:46:21+00:00\",\"breadcrumb\":{\"@id\":\"https:\/\/roosmann.ee\/kadi7\/pulgakoogid\/#breadcrumb\"},\"inLanguage\":\"en-US\",\"potentialAction\":[{\"@type\":\"ReadAction\",\"target\":[\"https:\/\/roosmann.ee\/kadi7\/pulgakoogid\/\"]}]},{\"@type\":\"BreadcrumbList\",\"@id\":\"https:\/\/roosmann.ee\/kadi7\/pulgakoogid\/#breadcrumb\",\"itemListElement\":[{\"@type\":\"ListItem\",\"position\":1,\"name\":\"Home\",\"item\":\"https:\/\/roosmann.ee\/kadi7\/\"},{\"@type\":\"ListItem\",\"position\":2,\"name\":\"Pulgakoogid\"}]},{\"@type\":\"WebSite\",\"@id\":\"https:\/\/roosmann.ee\/kadi7\/#website\",\"url\":\"https:\/\/roosmann.ee\/kadi7\/\",\"name\":\"KadiLellep O\u00dc\",\"description\":\"kondiitri tooted Tartumaal\",\"publisher\":{\"@id\":\"https:\/\/roosmann.ee\/kadi7\/#organization\"},\"potentialAction\":[{\"@type\":\"SearchAction\",\"target\":{\"@type\":\"EntryPoint\",\"urlTemplate\":\"https:\/\/roosmann.ee\/kadi7\/?s={search_term_string}\"},\"query-input\":\"required name=search_term_string\"}],\"inLanguage\":\"en-US\"},{\"@type\":\"Organization\",\"@id\":\"https:\/\/roosmann.ee\/kadi7\/#organization\",\"name\":\"KadiLellep O\u00dc\",\"url\":\"https:\/\/roosmann.ee\/kadi7\/\",\"logo\":{\"@type\":\"ImageObject\",\"inLanguage\":\"en-US\",\"@id\":\"https:\/\/roosmann.ee\/kadi7\/#\/schema\/logo\/image\/\",\"url\":\"https:\/\/roosmann.ee\/kadi7\/wp-content\/uploads\/2024\/10\/kadilellep.png\",\"contentUrl\":\"https:\/\/roosmann.ee\/kadi7\/wp-content\/uploads\/2024\/10\/kadilellep.png\",\"width\":502,\"height\":153,\"caption\":\"KadiLellep O\u00dc\"},\"image\":{\"@id\":\"https:\/\/roosmann.ee\/kadi7\/#\/schema\/logo\/image\/\"}}]}<\/script>\n<!-- \/ Yoast SEO plugin. -->","yoast_head_json":{"title":"Pulgakoogid - KadiLellep O\u00dc","robots":{"index":"index","follow":"follow","max-snippet":"max-snippet:-1","max-image-preview":"max-image-preview:large","max-video-preview":"max-video-preview:-1"},"canonical":"https:\/\/roosmann.ee\/kadi7\/pulgakoogid\/","og_locale":"en_US","og_type":"article","og_title":"Pulgakoogid - KadiLellep O\u00dc","og_description":"pulgakoogi Elegants ja Maitse Kujunda Unikaalne pulgakoogi V\u00e4limus Valmistan pulgakooke, kus Sina saad olla disaineriks. Kujunda unikaalne v\u00e4limus s\u00fcnnip\u00e4evaks, pulmadeks, s\u00f5brap\u00e4evaks, halloweeniks v\u00f5i mis iganes idee sul m\u00f5ttes on. Vali v\u00e4rvid, mustrid v\u00f5i isegi erilised s\u00fcndmusele vastavad teemad, et luua unikaalne ja isikup\u00e4rane pulgakook, mis sobib ideaalselt Sinu t\u00e4htp\u00e4evadele. K\u00e4sitsi Valmistatud pulgakoogid Minu pulgakookide s\u00fcdameks [&hellip;]","og_url":"https:\/\/roosmann.ee\/kadi7\/pulgakoogid\/","og_site_name":"KadiLellep O\u00dc","article_modified_time":"2024-01-11T16:46:21+00:00","og_image":[{"url":"https:\/\/roosmann.ee\/kadi7\/wp-content\/uploads\/2023\/11\/347023829_279398954508580_4204958215125166504_n-1-e1699475698801-1024x790.jpg"}],"twitter_card":"summary_large_image","twitter_misc":{"Est. reading time":"1 minute"},"schema":{"@context":"https:\/\/schema.org","@graph":[{"@type":"WebPage","@id":"https:\/\/roosmann.ee\/kadi7\/pulgakoogid\/","url":"https:\/\/roosmann.ee\/kadi7\/pulgakoogid\/","name":"Pulgakoogid - KadiLellep O\u00dc","isPartOf":{"@id":"https:\/\/roosmann.ee\/kadi7\/#website"},"datePublished":"2023-11-09T02:43:34+00:00","dateModified":"2024-01-11T16:46:21+00:00","breadcrumb":{"@id":"https:\/\/roosmann.ee\/kadi7\/pulgakoogid\/#breadcrumb"},"inLanguage":"en-US","potentialAction":[{"@type":"ReadAction","target":["https:\/\/roosmann.ee\/kadi7\/pulgakoogid\/"]}]},{"@type":"BreadcrumbList","@id":"https:\/\/roosmann.ee\/kadi7\/pulgakoogid\/#breadcrumb","itemListElement":[{"@type":"ListItem","position":1,"name":"Home","item":"https:\/\/roosmann.ee\/kadi7\/"},{"@type":"ListItem","position":2,"name":"Pulgakoogid"}]},{"@type":"WebSite","@id":"https:\/\/roosmann.ee\/kadi7\/#website","url":"https:\/\/roosmann.ee\/kadi7\/","name":"KadiLellep O\u00dc","description":"kondiitri tooted Tartumaal","publisher":{"@id":"https:\/\/roosmann.ee\/kadi7\/#organization"},"potentialAction":[{"@type":"SearchAction","target":{"@type":"EntryPoint","urlTemplate":"https:\/\/roosmann.ee\/kadi7\/?s={search_term_string}"},"query-input":"required name=search_term_string"}],"inLanguage":"en-US"},{"@type":"Organization","@id":"https:\/\/roosmann.ee\/kadi7\/#organization","name":"KadiLellep O\u00dc","url":"https:\/\/roosmann.ee\/kadi7\/","logo":{"@type":"ImageObject","inLanguage":"en-US","@id":"https:\/\/roosmann.ee\/kadi7\/#\/schema\/logo\/image\/","url":"https:\/\/roosmann.ee\/kadi7\/wp-content\/uploads\/2024\/10\/kadilellep.png","contentUrl":"https:\/\/roosmann.ee\/kadi7\/wp-content\/uploads\/2024\/10\/kadilellep.png","width":502,"height":153,"caption":"KadiLellep O\u00dc"},"image":{"@id":"https:\/\/roosmann.ee\/kadi7\/#\/schema\/logo\/image\/"}}]}},"_links":{"self":[{"href":"https:\/\/roosmann.ee\/kadi7\/wp-json\/wp\/v2\/pages\/12368","targetHints":{"allow":["GET"]}}],"collection":[{"href":"https:\/\/roosmann.ee\/kadi7\/wp-json\/wp\/v2\/pages"}],"about":[{"href":"https:\/\/roosmann.ee\/kadi7\/wp-json\/wp\/v2\/types\/page"}],"author":[{"embeddable":true,"href":"https:\/\/roosmann.ee\/kadi7\/wp-json\/wp\/v2\/users\/2"}],"replies":[{"embeddable":true,"href":"https:\/\/roosmann.ee\/kadi7\/wp-json\/wp\/v2\/comments?post=12368"}],"version-history":[{"count":34,"href":"https:\/\/roosmann.ee\/kadi7\/wp-json\/wp\/v2\/pages\/12368\/revisions"}],"predecessor-version":[{"id":13075,"href":"https:\/\/roosmann.ee\/kadi7\/wp-json\/wp\/v2\/pages\/12368\/revisions\/13075"}],"wp:attachment":[{"href":"https:\/\/roosmann.ee\/kadi7\/wp-json\/wp\/v2\/media?parent=12368"}],"curies":[{"name":"wp","href":"https:\/\/api.w.org\/{rel}","templated":true}]}}