{"id":12366,"date":"2023-11-09T04:43:09","date_gmt":"2023-11-09T02:43:09","guid":{"rendered":"https:\/\/roosmann.ee\/kadi7\/?page_id=12366"},"modified":"2024-10-17T16:12:32","modified_gmt":"2024-10-17T13:12:32","slug":"kinkekarbid","status":"publish","type":"page","link":"https:\/\/roosmann.ee\/kadi7\/kinkekarbid\/","title":{"rendered":"Kinkekarbid"},"content":{"rendered":"\t\t<div data-elementor-type=\"wp-page\" data-elementor-id=\"12366\" class=\"elementor elementor-12366\">\n\t\t\t\t\t\t\t\t\t<section class=\"elementor-section elementor-top-section elementor-element elementor-element-ba994cb qodef-elementor-content-grid elementor-section-boxed elementor-section-height-default elementor-section-height-default\" data-id=\"ba994cb\" data-element_type=\"section\" data-settings=\"{&quot;background_background&quot;:&quot;classic&quot;}\">\n\t\t\t\t\t\t<div class=\"elementor-container elementor-column-gap-default\">\n\t\t\t\t\t<div class=\"elementor-column elementor-col-50 elementor-top-column elementor-element elementor-element-19de424\" data-id=\"19de424\" data-element_type=\"column\">\n\t\t\t<div class=\"elementor-widget-wrap elementor-element-populated\">\n\t\t\t\t\t\t\t\t<div class=\"elementor-element elementor-element-ea4e7c5 elementor-widget elementor-widget-image\" data-id=\"ea4e7c5\" data-element_type=\"widget\" data-widget_type=\"image.default\">\n\t\t\t\t<div class=\"elementor-widget-container\">\n\t\t\t<style>\/*! elementor - v3.18.0 - 20-12-2023 *\/\n.elementor-widget-image{text-align:center}.elementor-widget-image a{display:inline-block}.elementor-widget-image a img[src$=\".svg\"]{width:48px}.elementor-widget-image img{vertical-align:middle;display:inline-block}<\/style>\t\t\t\t\t\t\t\t\t\t\t\t<img fetchpriority=\"high\" decoding=\"async\" width=\"1024\" height=\"920\" src=\"https:\/\/roosmann.ee\/kadi7\/wp-content\/uploads\/2024\/10\/441508757_17982025310661508_8249462957704171041_n-1024x920.jpg\" class=\"attachment-large size-large wp-image-13106\" alt=\"\" srcset=\"https:\/\/roosmann.ee\/kadi7\/wp-content\/uploads\/2024\/10\/441508757_17982025310661508_8249462957704171041_n-1024x920.jpg 1024w, https:\/\/roosmann.ee\/kadi7\/wp-content\/uploads\/2024\/10\/441508757_17982025310661508_8249462957704171041_n-300x270.jpg 300w, https:\/\/roosmann.ee\/kadi7\/wp-content\/uploads\/2024\/10\/441508757_17982025310661508_8249462957704171041_n-768x690.jpg 768w, https:\/\/roosmann.ee\/kadi7\/wp-content\/uploads\/2024\/10\/441508757_17982025310661508_8249462957704171041_n.jpg 1440w\" sizes=\"(max-width: 1024px) 100vw, 1024px\" \/>\t\t\t\t\t\t\t\t\t\t\t\t\t\t\t<\/div>\n\t\t\t\t<\/div>\n\t\t\t\t\t<\/div>\n\t\t<\/div>\n\t\t\t\t<div class=\"elementor-column elementor-col-50 elementor-top-column elementor-element elementor-element-cf03a23\" data-id=\"cf03a23\" data-element_type=\"column\">\n\t\t\t<div class=\"elementor-widget-wrap elementor-element-populated\">\n\t\t\t\t\t\t\t\t<div class=\"elementor-element elementor-element-e567c92 subtitle-in-content elementor-widget elementor-widget-swissdelight_core_section_title\" data-id=\"e567c92\" data-element_type=\"widget\" data-widget_type=\"swissdelight_core_section_title.default\">\n\t\t\t\t<div class=\"elementor-widget-container\">\n\t\t\t<div class=\"qodef-shortcode qodef-m subtitle-in-content qodef-section-title qodef-alignment--left  qodef-appear-animation--enabled\">\n\t\t<h2 class=\"qodef-m-title\" >\n\t\t\tUnistuste Kingitus\t<\/h2>\n\t\t<\/div>\n\t\t<\/div>\n\t\t\t\t<\/div>\n\t\t\t\t<div class=\"elementor-element elementor-element-dbac99e elementor-widget elementor-widget-text-editor\" data-id=\"dbac99e\" data-element_type=\"widget\" data-widget_type=\"text-editor.default\">\n\t\t\t\t<div class=\"elementor-widget-container\">\n\t\t\t<style>\/*! elementor - v3.18.0 - 20-12-2023 *\/\n.elementor-widget-text-editor.elementor-drop-cap-view-stacked .elementor-drop-cap{background-color:#69727d;color:#fff}.elementor-widget-text-editor.elementor-drop-cap-view-framed .elementor-drop-cap{color:#69727d;border:3px solid;background-color:transparent}.elementor-widget-text-editor:not(.elementor-drop-cap-view-default) .elementor-drop-cap{margin-top:8px}.elementor-widget-text-editor:not(.elementor-drop-cap-view-default) .elementor-drop-cap-letter{width:1em;height:1em}.elementor-widget-text-editor .elementor-drop-cap{float:left;text-align:center;line-height:1;font-size:50px}.elementor-widget-text-editor .elementor-drop-cap-letter{display:inline-block}<\/style>\t\t\t\t<p><span style=\"font-family: 'trebuchet ms', geneva; font-size: 22px;\"><strong>Ideaalsed Kingitused Iga S\u00fcndmuseks:<\/strong><\/span><\/p><p><span style=\"font-family: 'trebuchet ms', geneva; font-size: 20px;\">Kas otsid kingitust s\u00fcnnip\u00e4evaks, t\u00e4htp\u00e4evaks v\u00f5i soovid lihtsalt \u00fcllatada Kallist inimest? Minu kinkekarbid on ideaalsed kingitused, mis toovad naeratuse igale maias\u00f5brale.<\/span><\/p><p><span style=\"font-family: 'trebuchet ms', geneva; font-size: 22px;\"><strong>Vali Endale Sobivad Maitsed:<\/strong><\/span><\/p><p><span style=\"font-family: 'trebuchet ms', geneva; font-size: 20px;\">Loon kinkekarpe vastavalt Sinu maitse-eelistustele. Kas soovid sukelduda \u0161okolaadi nautlemisse, avastada makrooni maailma v\u00f5i naudid rafineeritud v\u00f5isust? Vali oma lemmikud ja\u00a0 panen kokku sinu isikup\u00e4rase kingituse.<\/span><\/p><p><span style=\"font-family: 'trebuchet ms', geneva; font-size: 22px;\"><strong>Armas Pakend:<\/strong><\/span><\/p><p><span style=\"font-family: 'trebuchet ms', geneva; font-size: 20px;\">Kinkekarbi v\u00e4limus on sama oluline kui selle sisu. Olen loonud stiilse ja ainulaadse kinkekarbi, mis r\u00f5hutab kingituse erilisust ja t\u00e4helepanu detailidele.<\/span><\/p>\t\t\t\t\t\t<\/div>\n\t\t\t\t<\/div>\n\t\t\t\t\t<\/div>\n\t\t<\/div>\n\t\t\t\t\t\t\t<\/div>\n\t\t<\/section>\n\t\t\t\t\t\t\t<\/div>\n\t\t","protected":false},"excerpt":{"rendered":"<p>Unistuste Kingitus Ideaalsed Kingitused Iga S\u00fcndmuseks: Kas otsid kingitust s\u00fcnnip\u00e4evaks, t\u00e4htp\u00e4evaks v\u00f5i soovid lihtsalt \u00fcllatada Kallist inimest? Minu kinkekarbid on ideaalsed kingitused, mis toovad naeratuse igale maias\u00f5brale. Vali Endale Sobivad Maitsed: Loon kinkekarpe vastavalt Sinu maitse-eelistustele. Kas soovid sukelduda \u0161okolaadi nautlemisse, avastada makrooni maailma v\u00f5i naudid rafineeritud v\u00f5isust? Vali oma lemmikud ja\u00a0 panen kokku sinu [&hellip;]<\/p>\n","protected":false},"author":2,"featured_media":0,"parent":0,"menu_order":0,"comment_status":"closed","ping_status":"closed","template":"","meta":{"footnotes":""},"class_list":["post-12366","page","type-page","status-publish","hentry"],"yoast_head":"<!-- This site is optimized with the Yoast SEO plugin v21.7 - https:\/\/yoast.com\/wordpress\/plugins\/seo\/ -->\n<title>Kinkekarbid - KadiLellep O\u00dc<\/title>\n<meta name=\"robots\" content=\"index, follow, max-snippet:-1, max-image-preview:large, max-video-preview:-1\" \/>\n<link rel=\"canonical\" href=\"https:\/\/roosmann.ee\/kadi7\/kinkekarbid\/\" \/>\n<meta property=\"og:locale\" content=\"en_US\" \/>\n<meta property=\"og:type\" content=\"article\" \/>\n<meta property=\"og:title\" content=\"Kinkekarbid - KadiLellep O\u00dc\" \/>\n<meta property=\"og:description\" content=\"Unistuste Kingitus Ideaalsed Kingitused Iga S\u00fcndmuseks: Kas otsid kingitust s\u00fcnnip\u00e4evaks, t\u00e4htp\u00e4evaks v\u00f5i soovid lihtsalt \u00fcllatada Kallist inimest? Minu kinkekarbid on ideaalsed kingitused, mis toovad naeratuse igale maias\u00f5brale. Vali Endale Sobivad Maitsed: Loon kinkekarpe vastavalt Sinu maitse-eelistustele. Kas soovid sukelduda \u0161okolaadi nautlemisse, avastada makrooni maailma v\u00f5i naudid rafineeritud v\u00f5isust? Vali oma lemmikud ja\u00a0 panen kokku sinu [&hellip;]\" \/>\n<meta property=\"og:url\" content=\"https:\/\/roosmann.ee\/kadi7\/kinkekarbid\/\" \/>\n<meta property=\"og:site_name\" content=\"KadiLellep O\u00dc\" \/>\n<meta property=\"article:modified_time\" content=\"2024-10-17T13:12:32+00:00\" \/>\n<meta property=\"og:image\" content=\"https:\/\/roosmann.ee\/kadi7\/wp-content\/uploads\/2024\/10\/441508757_17982025310661508_8249462957704171041_n-1024x920.jpg\" \/>\n<meta name=\"twitter:card\" content=\"summary_large_image\" \/>\n<meta name=\"twitter:label1\" content=\"Est. reading time\" \/>\n\t<meta name=\"twitter:data1\" content=\"1 minute\" \/>\n<script type=\"application\/ld+json\" class=\"yoast-schema-graph\">{\"@context\":\"https:\/\/schema.org\",\"@graph\":[{\"@type\":\"WebPage\",\"@id\":\"https:\/\/roosmann.ee\/kadi7\/kinkekarbid\/\",\"url\":\"https:\/\/roosmann.ee\/kadi7\/kinkekarbid\/\",\"name\":\"Kinkekarbid - KadiLellep O\u00dc\",\"isPartOf\":{\"@id\":\"https:\/\/roosmann.ee\/kadi7\/#website\"},\"datePublished\":\"2023-11-09T02:43:09+00:00\",\"dateModified\":\"2024-10-17T13:12:32+00:00\",\"breadcrumb\":{\"@id\":\"https:\/\/roosmann.ee\/kadi7\/kinkekarbid\/#breadcrumb\"},\"inLanguage\":\"en-US\",\"potentialAction\":[{\"@type\":\"ReadAction\",\"target\":[\"https:\/\/roosmann.ee\/kadi7\/kinkekarbid\/\"]}]},{\"@type\":\"BreadcrumbList\",\"@id\":\"https:\/\/roosmann.ee\/kadi7\/kinkekarbid\/#breadcrumb\",\"itemListElement\":[{\"@type\":\"ListItem\",\"position\":1,\"name\":\"Home\",\"item\":\"https:\/\/roosmann.ee\/kadi7\/\"},{\"@type\":\"ListItem\",\"position\":2,\"name\":\"Kinkekarbid\"}]},{\"@type\":\"WebSite\",\"@id\":\"https:\/\/roosmann.ee\/kadi7\/#website\",\"url\":\"https:\/\/roosmann.ee\/kadi7\/\",\"name\":\"KadiLellep O\u00dc\",\"description\":\"kondiitri tooted Tartumaal\",\"publisher\":{\"@id\":\"https:\/\/roosmann.ee\/kadi7\/#organization\"},\"potentialAction\":[{\"@type\":\"SearchAction\",\"target\":{\"@type\":\"EntryPoint\",\"urlTemplate\":\"https:\/\/roosmann.ee\/kadi7\/?s={search_term_string}\"},\"query-input\":\"required name=search_term_string\"}],\"inLanguage\":\"en-US\"},{\"@type\":\"Organization\",\"@id\":\"https:\/\/roosmann.ee\/kadi7\/#organization\",\"name\":\"KadiLellep O\u00dc\",\"url\":\"https:\/\/roosmann.ee\/kadi7\/\",\"logo\":{\"@type\":\"ImageObject\",\"inLanguage\":\"en-US\",\"@id\":\"https:\/\/roosmann.ee\/kadi7\/#\/schema\/logo\/image\/\",\"url\":\"https:\/\/roosmann.ee\/kadi7\/wp-content\/uploads\/2024\/10\/kadilellep.png\",\"contentUrl\":\"https:\/\/roosmann.ee\/kadi7\/wp-content\/uploads\/2024\/10\/kadilellep.png\",\"width\":502,\"height\":153,\"caption\":\"KadiLellep O\u00dc\"},\"image\":{\"@id\":\"https:\/\/roosmann.ee\/kadi7\/#\/schema\/logo\/image\/\"}}]}<\/script>\n<!-- \/ Yoast SEO plugin. -->","yoast_head_json":{"title":"Kinkekarbid - KadiLellep O\u00dc","robots":{"index":"index","follow":"follow","max-snippet":"max-snippet:-1","max-image-preview":"max-image-preview:large","max-video-preview":"max-video-preview:-1"},"canonical":"https:\/\/roosmann.ee\/kadi7\/kinkekarbid\/","og_locale":"en_US","og_type":"article","og_title":"Kinkekarbid - KadiLellep O\u00dc","og_description":"Unistuste Kingitus Ideaalsed Kingitused Iga S\u00fcndmuseks: Kas otsid kingitust s\u00fcnnip\u00e4evaks, t\u00e4htp\u00e4evaks v\u00f5i soovid lihtsalt \u00fcllatada Kallist inimest? Minu kinkekarbid on ideaalsed kingitused, mis toovad naeratuse igale maias\u00f5brale. Vali Endale Sobivad Maitsed: Loon kinkekarpe vastavalt Sinu maitse-eelistustele. Kas soovid sukelduda \u0161okolaadi nautlemisse, avastada makrooni maailma v\u00f5i naudid rafineeritud v\u00f5isust? Vali oma lemmikud ja\u00a0 panen kokku sinu [&hellip;]","og_url":"https:\/\/roosmann.ee\/kadi7\/kinkekarbid\/","og_site_name":"KadiLellep O\u00dc","article_modified_time":"2024-10-17T13:12:32+00:00","og_image":[{"url":"https:\/\/roosmann.ee\/kadi7\/wp-content\/uploads\/2024\/10\/441508757_17982025310661508_8249462957704171041_n-1024x920.jpg"}],"twitter_card":"summary_large_image","twitter_misc":{"Est. reading time":"1 minute"},"schema":{"@context":"https:\/\/schema.org","@graph":[{"@type":"WebPage","@id":"https:\/\/roosmann.ee\/kadi7\/kinkekarbid\/","url":"https:\/\/roosmann.ee\/kadi7\/kinkekarbid\/","name":"Kinkekarbid - KadiLellep O\u00dc","isPartOf":{"@id":"https:\/\/roosmann.ee\/kadi7\/#website"},"datePublished":"2023-11-09T02:43:09+00:00","dateModified":"2024-10-17T13:12:32+00:00","breadcrumb":{"@id":"https:\/\/roosmann.ee\/kadi7\/kinkekarbid\/#breadcrumb"},"inLanguage":"en-US","potentialAction":[{"@type":"ReadAction","target":["https:\/\/roosmann.ee\/kadi7\/kinkekarbid\/"]}]},{"@type":"BreadcrumbList","@id":"https:\/\/roosmann.ee\/kadi7\/kinkekarbid\/#breadcrumb","itemListElement":[{"@type":"ListItem","position":1,"name":"Home","item":"https:\/\/roosmann.ee\/kadi7\/"},{"@type":"ListItem","position":2,"name":"Kinkekarbid"}]},{"@type":"WebSite","@id":"https:\/\/roosmann.ee\/kadi7\/#website","url":"https:\/\/roosmann.ee\/kadi7\/","name":"KadiLellep O\u00dc","description":"kondiitri tooted Tartumaal","publisher":{"@id":"https:\/\/roosmann.ee\/kadi7\/#organization"},"potentialAction":[{"@type":"SearchAction","target":{"@type":"EntryPoint","urlTemplate":"https:\/\/roosmann.ee\/kadi7\/?s={search_term_string}"},"query-input":"required name=search_term_string"}],"inLanguage":"en-US"},{"@type":"Organization","@id":"https:\/\/roosmann.ee\/kadi7\/#organization","name":"KadiLellep O\u00dc","url":"https:\/\/roosmann.ee\/kadi7\/","logo":{"@type":"ImageObject","inLanguage":"en-US","@id":"https:\/\/roosmann.ee\/kadi7\/#\/schema\/logo\/image\/","url":"https:\/\/roosmann.ee\/kadi7\/wp-content\/uploads\/2024\/10\/kadilellep.png","contentUrl":"https:\/\/roosmann.ee\/kadi7\/wp-content\/uploads\/2024\/10\/kadilellep.png","width":502,"height":153,"caption":"KadiLellep O\u00dc"},"image":{"@id":"https:\/\/roosmann.ee\/kadi7\/#\/schema\/logo\/image\/"}}]}},"_links":{"self":[{"href":"https:\/\/roosmann.ee\/kadi7\/wp-json\/wp\/v2\/pages\/12366","targetHints":{"allow":["GET"]}}],"collection":[{"href":"https:\/\/roosmann.ee\/kadi7\/wp-json\/wp\/v2\/pages"}],"about":[{"href":"https:\/\/roosmann.ee\/kadi7\/wp-json\/wp\/v2\/types\/page"}],"author":[{"embeddable":true,"href":"https:\/\/roosmann.ee\/kadi7\/wp-json\/wp\/v2\/users\/2"}],"replies":[{"embeddable":true,"href":"https:\/\/roosmann.ee\/kadi7\/wp-json\/wp\/v2\/comments?post=12366"}],"version-history":[{"count":40,"href":"https:\/\/roosmann.ee\/kadi7\/wp-json\/wp\/v2\/pages\/12366\/revisions"}],"predecessor-version":[{"id":13130,"href":"https:\/\/roosmann.ee\/kadi7\/wp-json\/wp\/v2\/pages\/12366\/revisions\/13130"}],"wp:attachment":[{"href":"https:\/\/roosmann.ee\/kadi7\/wp-json\/wp\/v2\/media?parent=12366"}],"curies":[{"name":"wp","href":"https:\/\/api.w.org\/{rel}","templated":true}]}}