{"id":12364,"date":"2023-11-09T04:42:36","date_gmt":"2023-11-09T02:42:36","guid":{"rendered":"https:\/\/roosmann.ee\/kadi7\/?page_id=12364"},"modified":"2024-10-17T16:16:35","modified_gmt":"2024-10-17T13:16:35","slug":"makroonid","status":"publish","type":"page","link":"https:\/\/roosmann.ee\/kadi7\/makroonid\/","title":{"rendered":"Makroonid"},"content":{"rendered":"\t\t<div data-elementor-type=\"wp-page\" data-elementor-id=\"12364\" class=\"elementor elementor-12364\">\n\t\t\t\t\t\t\t\t\t<section class=\"elementor-section elementor-top-section elementor-element elementor-element-84c18a6 qodef-elementor-content-grid elementor-section-boxed elementor-section-height-default elementor-section-height-default\" data-id=\"84c18a6\" data-element_type=\"section\" data-settings=\"{&quot;background_background&quot;:&quot;classic&quot;}\">\n\t\t\t\t\t\t<div class=\"elementor-container elementor-column-gap-default\">\n\t\t\t\t\t<div class=\"elementor-column elementor-col-50 elementor-top-column elementor-element elementor-element-bb8640c\" data-id=\"bb8640c\" data-element_type=\"column\">\n\t\t\t<div class=\"elementor-widget-wrap elementor-element-populated\">\n\t\t\t\t\t\t\t\t<div class=\"elementor-element elementor-element-62e87eb elementor-widget elementor-widget-image\" data-id=\"62e87eb\" data-element_type=\"widget\" data-widget_type=\"image.default\">\n\t\t\t\t<div class=\"elementor-widget-container\">\n\t\t\t<style>\/*! elementor - v3.18.0 - 20-12-2023 *\/\n.elementor-widget-image{text-align:center}.elementor-widget-image a{display:inline-block}.elementor-widget-image a img[src$=\".svg\"]{width:48px}.elementor-widget-image img{vertical-align:middle;display:inline-block}<\/style>\t\t\t\t\t\t\t\t\t\t\t\t<img fetchpriority=\"high\" decoding=\"async\" width=\"650\" height=\"650\" src=\"https:\/\/roosmann.ee\/kadi7\/wp-content\/uploads\/2024\/10\/451572701_444200001929916_65172740837771306_n-650x650.jpg\" class=\"attachment-swissdelight_core_image_size_square size-swissdelight_core_image_size_square wp-image-13109\" alt=\"\" srcset=\"https:\/\/roosmann.ee\/kadi7\/wp-content\/uploads\/2024\/10\/451572701_444200001929916_65172740837771306_n-650x650.jpg 650w, https:\/\/roosmann.ee\/kadi7\/wp-content\/uploads\/2024\/10\/451572701_444200001929916_65172740837771306_n-150x150.jpg 150w, https:\/\/roosmann.ee\/kadi7\/wp-content\/uploads\/2024\/10\/451572701_444200001929916_65172740837771306_n-1300x1300.jpg 1300w\" sizes=\"(max-width: 650px) 100vw, 650px\" \/>\t\t\t\t\t\t\t\t\t\t\t\t\t\t\t<\/div>\n\t\t\t\t<\/div>\n\t\t\t\t\t<\/div>\n\t\t<\/div>\n\t\t\t\t<div class=\"elementor-column elementor-col-50 elementor-top-column elementor-element elementor-element-1e45fd8\" data-id=\"1e45fd8\" data-element_type=\"column\">\n\t\t\t<div class=\"elementor-widget-wrap elementor-element-populated\">\n\t\t\t\t\t\t\t\t<div class=\"elementor-element elementor-element-fb959f0 elementor-widget elementor-widget-swissdelight_core_section_title\" data-id=\"fb959f0\" data-element_type=\"widget\" data-widget_type=\"swissdelight_core_section_title.default\">\n\t\t\t\t<div class=\"elementor-widget-container\">\n\t\t\t<div class=\"qodef-shortcode qodef-m subtitle-in-content qodef-section-title qodef-alignment--left  qodef-appear-animation--enabled\">\n\t\t<h3 class=\"qodef-m-title\" >\n\t\t\tmakrooni maailm\t<\/h3>\n\t\t<\/div>\n\t\t<\/div>\n\t\t\t\t<\/div>\n\t\t\t\t<div class=\"elementor-element elementor-element-7a19bb3 elementor-widget elementor-widget-text-editor\" data-id=\"7a19bb3\" data-element_type=\"widget\" data-widget_type=\"text-editor.default\">\n\t\t\t\t<div class=\"elementor-widget-container\">\n\t\t\t<style>\/*! elementor - v3.18.0 - 20-12-2023 *\/\n.elementor-widget-text-editor.elementor-drop-cap-view-stacked .elementor-drop-cap{background-color:#69727d;color:#fff}.elementor-widget-text-editor.elementor-drop-cap-view-framed .elementor-drop-cap{color:#69727d;border:3px solid;background-color:transparent}.elementor-widget-text-editor:not(.elementor-drop-cap-view-default) .elementor-drop-cap{margin-top:8px}.elementor-widget-text-editor:not(.elementor-drop-cap-view-default) .elementor-drop-cap-letter{width:1em;height:1em}.elementor-widget-text-editor .elementor-drop-cap{float:left;text-align:center;line-height:1;font-size:50px}.elementor-widget-text-editor .elementor-drop-cap-letter{display:inline-block}<\/style>\t\t\t\t<p><span style=\"font-size: 20px; font-family: 'trebuchet ms', geneva;\">Tutvu minu makroonide valikuga ja telli need imelised maiustused, mis toovad Sinu p\u00e4eva magusama puudutuse!<\/span><\/p><h4><span style=\"font-size: 22px; font-family: 'trebuchet ms', geneva;\"><strong>Maitsvad makroonid<\/strong><\/span><\/h4><p><span style=\"font-size: 20px; font-family: 'trebuchet ms', geneva;\"> Ahvatlevate maitsete maailm ootab avastamist. Alates klassikalistest vaniljemaitselistest makroonidest kuni eksootiliste marjamaitseteni &#8211; leiad kindlasti oma lemmiku.<\/span><\/p><p><span style=\"font-size: 20px; font-family: 'trebuchet ms', geneva;\">Kasutan vaid parimat mandlijahu, suhkrut ja t\u00e4idiseid, et tagada maksimaalne maitseelamus.<\/span><\/p><h4><span style=\"font-size: 22px; font-family: 'trebuchet ms', geneva;\"><strong>Kohandatavad Tellimused<\/strong><\/span><\/h4><p><span style=\"font-size: 20px; font-family: 'trebuchet ms', geneva;\">Soovid tellida makroone spetsiaalseks s\u00fcndmuseks v\u00f5i kingituseks? V\u00f5ta minuga \u00fchendust ja loome koos just Sinu soovidele vastava komplekti.<\/span><\/p>\t\t\t\t\t\t<\/div>\n\t\t\t\t<\/div>\n\t\t\t\t\t<\/div>\n\t\t<\/div>\n\t\t\t\t\t\t\t<\/div>\n\t\t<\/section>\n\t\t\t\t<section class=\"elementor-section elementor-top-section elementor-element elementor-element-22f2954 qodef-elementor-content-grid elementor-section-boxed elementor-section-height-default elementor-section-height-default\" data-id=\"22f2954\" data-element_type=\"section\" data-settings=\"{&quot;background_background&quot;:&quot;classic&quot;}\">\n\t\t\t\t\t\t<div class=\"elementor-container elementor-column-gap-default\">\n\t\t\t\t\t<div class=\"elementor-column elementor-col-50 elementor-top-column elementor-element elementor-element-21b6cfe\" data-id=\"21b6cfe\" data-element_type=\"column\">\n\t\t\t<div class=\"elementor-widget-wrap elementor-element-populated\">\n\t\t\t\t\t\t\t\t<div class=\"elementor-element elementor-element-689f859 elementor-widget elementor-widget-swissdelight_core_section_title\" data-id=\"689f859\" data-element_type=\"widget\" data-widget_type=\"swissdelight_core_section_title.default\">\n\t\t\t\t<div class=\"elementor-widget-container\">\n\t\t\t<div class=\"qodef-shortcode qodef-m subtitle-in-content qodef-section-title qodef-alignment--left  qodef-appear-animation--enabled\">\n\t\t<h3 class=\"qodef-m-title\" >\n\t\t\tmakroonide maitsete valik\t<\/h3>\n\t\t<\/div>\n\t\t<\/div>\n\t\t\t\t<\/div>\n\t\t\t\t<div class=\"elementor-element elementor-element-6c05fe4 elementor-widget elementor-widget-text-editor\" data-id=\"6c05fe4\" data-element_type=\"widget\" data-widget_type=\"text-editor.default\">\n\t\t\t\t<div class=\"elementor-widget-container\">\n\t\t\t\t\t\t\t<p><span style=\"font-family: 'trebuchet ms', geneva; font-size: 20px;\">Soolakaramelli<\/span><\/p><p><span style=\"font-family: 'trebuchet ms', geneva; font-size: 20px;\">Kookose- ananassi<\/span><\/p><p><span style=\"font-family: 'trebuchet ms', geneva; font-size: 20px;\">Vaarika<\/span><\/p><p><span style=\"font-family: 'trebuchet ms', geneva; font-size: 20px;\">J\u00f5hvika<\/span><\/p><p><span style=\"font-family: 'trebuchet ms', geneva; font-size: 20px;\">Sidruni<\/span><\/p><p><span style=\"font-family: 'trebuchet ms', geneva; font-size: 20px;\">Laimi-t\u0161illi<\/span><\/p><p><span style=\"font-family: 'trebuchet ms', geneva; font-size: 20px;\">Apelsini<\/span><\/p><p><span style=\"font-family: 'trebuchet ms', geneva; font-size: 20px;\">\u0160okolaadi<\/span><\/p>\t\t\t\t\t\t<\/div>\n\t\t\t\t<\/div>\n\t\t\t\t\t<\/div>\n\t\t<\/div>\n\t\t\t\t<div class=\"elementor-column elementor-col-50 elementor-top-column elementor-element elementor-element-50ffe28\" data-id=\"50ffe28\" data-element_type=\"column\">\n\t\t\t<div class=\"elementor-widget-wrap elementor-element-populated\">\n\t\t\t\t\t\t\t\t<div class=\"elementor-element elementor-element-83f1c3e elementor-widget elementor-widget-image\" data-id=\"83f1c3e\" data-element_type=\"widget\" data-widget_type=\"image.default\">\n\t\t\t\t<div class=\"elementor-widget-container\">\n\t\t\t\t\t\t\t\t\t\t\t\t\t\t\t<img decoding=\"async\" width=\"1170\" height=\"1300\" src=\"https:\/\/roosmann.ee\/kadi7\/wp-content\/uploads\/2023\/11\/326864377_1621822234949527_5464628717230580833_n-2-1170x1300.jpg\" class=\"attachment-qi_addons_for_elementor_image_size_huge-square size-qi_addons_for_elementor_image_size_huge-square wp-image-12213\" alt=\"Apelsini makroonid Tartumaal-KadiLellep O\u00dc\" \/>\t\t\t\t\t\t\t\t\t\t\t\t\t\t\t<\/div>\n\t\t\t\t<\/div>\n\t\t\t\t\t<\/div>\n\t\t<\/div>\n\t\t\t\t\t\t\t<\/div>\n\t\t<\/section>\n\t\t\t\t\t\t\t<\/div>\n\t\t","protected":false},"excerpt":{"rendered":"<p>makrooni maailm Tutvu minu makroonide valikuga ja telli need imelised maiustused, mis toovad Sinu p\u00e4eva magusama puudutuse! Maitsvad makroonid Ahvatlevate maitsete maailm ootab avastamist. Alates klassikalistest vaniljemaitselistest makroonidest kuni eksootiliste marjamaitseteni &#8211; leiad kindlasti oma lemmiku. Kasutan vaid parimat mandlijahu, suhkrut ja t\u00e4idiseid, et tagada maksimaalne maitseelamus. Kohandatavad Tellimused Soovid tellida makroone spetsiaalseks s\u00fcndmuseks v\u00f5i [&hellip;]<\/p>\n","protected":false},"author":2,"featured_media":0,"parent":0,"menu_order":0,"comment_status":"closed","ping_status":"closed","template":"","meta":{"footnotes":""},"class_list":["post-12364","page","type-page","status-publish","hentry"],"yoast_head":"<!-- This site is optimized with the Yoast SEO plugin v21.7 - https:\/\/yoast.com\/wordpress\/plugins\/seo\/ -->\n<title>Makroonid - KadiLellep O\u00dc<\/title>\n<meta name=\"robots\" content=\"index, follow, max-snippet:-1, max-image-preview:large, max-video-preview:-1\" \/>\n<link rel=\"canonical\" href=\"https:\/\/roosmann.ee\/kadi7\/makroonid\/\" \/>\n<meta property=\"og:locale\" content=\"en_US\" \/>\n<meta property=\"og:type\" content=\"article\" \/>\n<meta property=\"og:title\" content=\"Makroonid - KadiLellep O\u00dc\" \/>\n<meta property=\"og:description\" content=\"makrooni maailm Tutvu minu makroonide valikuga ja telli need imelised maiustused, mis toovad Sinu p\u00e4eva magusama puudutuse! Maitsvad makroonid Ahvatlevate maitsete maailm ootab avastamist. Alates klassikalistest vaniljemaitselistest makroonidest kuni eksootiliste marjamaitseteni &#8211; leiad kindlasti oma lemmiku. Kasutan vaid parimat mandlijahu, suhkrut ja t\u00e4idiseid, et tagada maksimaalne maitseelamus. Kohandatavad Tellimused Soovid tellida makroone spetsiaalseks s\u00fcndmuseks v\u00f5i [&hellip;]\" \/>\n<meta property=\"og:url\" content=\"https:\/\/roosmann.ee\/kadi7\/makroonid\/\" \/>\n<meta property=\"og:site_name\" content=\"KadiLellep O\u00dc\" \/>\n<meta property=\"article:modified_time\" content=\"2024-10-17T13:16:35+00:00\" \/>\n<meta property=\"og:image\" content=\"https:\/\/roosmann.ee\/kadi7\/wp-content\/uploads\/2024\/10\/451572701_444200001929916_65172740837771306_n-650x650.jpg\" \/>\n<meta name=\"twitter:card\" content=\"summary_large_image\" \/>\n<meta name=\"twitter:label1\" content=\"Est. reading time\" \/>\n\t<meta name=\"twitter:data1\" content=\"1 minute\" \/>\n<script type=\"application\/ld+json\" class=\"yoast-schema-graph\">{\"@context\":\"https:\/\/schema.org\",\"@graph\":[{\"@type\":\"WebPage\",\"@id\":\"https:\/\/roosmann.ee\/kadi7\/makroonid\/\",\"url\":\"https:\/\/roosmann.ee\/kadi7\/makroonid\/\",\"name\":\"Makroonid - KadiLellep O\u00dc\",\"isPartOf\":{\"@id\":\"https:\/\/roosmann.ee\/kadi7\/#website\"},\"datePublished\":\"2023-11-09T02:42:36+00:00\",\"dateModified\":\"2024-10-17T13:16:35+00:00\",\"breadcrumb\":{\"@id\":\"https:\/\/roosmann.ee\/kadi7\/makroonid\/#breadcrumb\"},\"inLanguage\":\"en-US\",\"potentialAction\":[{\"@type\":\"ReadAction\",\"target\":[\"https:\/\/roosmann.ee\/kadi7\/makroonid\/\"]}]},{\"@type\":\"BreadcrumbList\",\"@id\":\"https:\/\/roosmann.ee\/kadi7\/makroonid\/#breadcrumb\",\"itemListElement\":[{\"@type\":\"ListItem\",\"position\":1,\"name\":\"Home\",\"item\":\"https:\/\/roosmann.ee\/kadi7\/\"},{\"@type\":\"ListItem\",\"position\":2,\"name\":\"Makroonid\"}]},{\"@type\":\"WebSite\",\"@id\":\"https:\/\/roosmann.ee\/kadi7\/#website\",\"url\":\"https:\/\/roosmann.ee\/kadi7\/\",\"name\":\"KadiLellep O\u00dc\",\"description\":\"kondiitri tooted Tartumaal\",\"publisher\":{\"@id\":\"https:\/\/roosmann.ee\/kadi7\/#organization\"},\"potentialAction\":[{\"@type\":\"SearchAction\",\"target\":{\"@type\":\"EntryPoint\",\"urlTemplate\":\"https:\/\/roosmann.ee\/kadi7\/?s={search_term_string}\"},\"query-input\":\"required name=search_term_string\"}],\"inLanguage\":\"en-US\"},{\"@type\":\"Organization\",\"@id\":\"https:\/\/roosmann.ee\/kadi7\/#organization\",\"name\":\"KadiLellep O\u00dc\",\"url\":\"https:\/\/roosmann.ee\/kadi7\/\",\"logo\":{\"@type\":\"ImageObject\",\"inLanguage\":\"en-US\",\"@id\":\"https:\/\/roosmann.ee\/kadi7\/#\/schema\/logo\/image\/\",\"url\":\"https:\/\/roosmann.ee\/kadi7\/wp-content\/uploads\/2024\/10\/kadilellep.png\",\"contentUrl\":\"https:\/\/roosmann.ee\/kadi7\/wp-content\/uploads\/2024\/10\/kadilellep.png\",\"width\":502,\"height\":153,\"caption\":\"KadiLellep O\u00dc\"},\"image\":{\"@id\":\"https:\/\/roosmann.ee\/kadi7\/#\/schema\/logo\/image\/\"}}]}<\/script>\n<!-- \/ Yoast SEO plugin. -->","yoast_head_json":{"title":"Makroonid - KadiLellep O\u00dc","robots":{"index":"index","follow":"follow","max-snippet":"max-snippet:-1","max-image-preview":"max-image-preview:large","max-video-preview":"max-video-preview:-1"},"canonical":"https:\/\/roosmann.ee\/kadi7\/makroonid\/","og_locale":"en_US","og_type":"article","og_title":"Makroonid - KadiLellep O\u00dc","og_description":"makrooni maailm Tutvu minu makroonide valikuga ja telli need imelised maiustused, mis toovad Sinu p\u00e4eva magusama puudutuse! Maitsvad makroonid Ahvatlevate maitsete maailm ootab avastamist. Alates klassikalistest vaniljemaitselistest makroonidest kuni eksootiliste marjamaitseteni &#8211; leiad kindlasti oma lemmiku. Kasutan vaid parimat mandlijahu, suhkrut ja t\u00e4idiseid, et tagada maksimaalne maitseelamus. Kohandatavad Tellimused Soovid tellida makroone spetsiaalseks s\u00fcndmuseks v\u00f5i [&hellip;]","og_url":"https:\/\/roosmann.ee\/kadi7\/makroonid\/","og_site_name":"KadiLellep O\u00dc","article_modified_time":"2024-10-17T13:16:35+00:00","og_image":[{"url":"https:\/\/roosmann.ee\/kadi7\/wp-content\/uploads\/2024\/10\/451572701_444200001929916_65172740837771306_n-650x650.jpg"}],"twitter_card":"summary_large_image","twitter_misc":{"Est. reading time":"1 minute"},"schema":{"@context":"https:\/\/schema.org","@graph":[{"@type":"WebPage","@id":"https:\/\/roosmann.ee\/kadi7\/makroonid\/","url":"https:\/\/roosmann.ee\/kadi7\/makroonid\/","name":"Makroonid - KadiLellep O\u00dc","isPartOf":{"@id":"https:\/\/roosmann.ee\/kadi7\/#website"},"datePublished":"2023-11-09T02:42:36+00:00","dateModified":"2024-10-17T13:16:35+00:00","breadcrumb":{"@id":"https:\/\/roosmann.ee\/kadi7\/makroonid\/#breadcrumb"},"inLanguage":"en-US","potentialAction":[{"@type":"ReadAction","target":["https:\/\/roosmann.ee\/kadi7\/makroonid\/"]}]},{"@type":"BreadcrumbList","@id":"https:\/\/roosmann.ee\/kadi7\/makroonid\/#breadcrumb","itemListElement":[{"@type":"ListItem","position":1,"name":"Home","item":"https:\/\/roosmann.ee\/kadi7\/"},{"@type":"ListItem","position":2,"name":"Makroonid"}]},{"@type":"WebSite","@id":"https:\/\/roosmann.ee\/kadi7\/#website","url":"https:\/\/roosmann.ee\/kadi7\/","name":"KadiLellep O\u00dc","description":"kondiitri tooted Tartumaal","publisher":{"@id":"https:\/\/roosmann.ee\/kadi7\/#organization"},"potentialAction":[{"@type":"SearchAction","target":{"@type":"EntryPoint","urlTemplate":"https:\/\/roosmann.ee\/kadi7\/?s={search_term_string}"},"query-input":"required name=search_term_string"}],"inLanguage":"en-US"},{"@type":"Organization","@id":"https:\/\/roosmann.ee\/kadi7\/#organization","name":"KadiLellep O\u00dc","url":"https:\/\/roosmann.ee\/kadi7\/","logo":{"@type":"ImageObject","inLanguage":"en-US","@id":"https:\/\/roosmann.ee\/kadi7\/#\/schema\/logo\/image\/","url":"https:\/\/roosmann.ee\/kadi7\/wp-content\/uploads\/2024\/10\/kadilellep.png","contentUrl":"https:\/\/roosmann.ee\/kadi7\/wp-content\/uploads\/2024\/10\/kadilellep.png","width":502,"height":153,"caption":"KadiLellep O\u00dc"},"image":{"@id":"https:\/\/roosmann.ee\/kadi7\/#\/schema\/logo\/image\/"}}]}},"_links":{"self":[{"href":"https:\/\/roosmann.ee\/kadi7\/wp-json\/wp\/v2\/pages\/12364","targetHints":{"allow":["GET"]}}],"collection":[{"href":"https:\/\/roosmann.ee\/kadi7\/wp-json\/wp\/v2\/pages"}],"about":[{"href":"https:\/\/roosmann.ee\/kadi7\/wp-json\/wp\/v2\/types\/page"}],"author":[{"embeddable":true,"href":"https:\/\/roosmann.ee\/kadi7\/wp-json\/wp\/v2\/users\/2"}],"replies":[{"embeddable":true,"href":"https:\/\/roosmann.ee\/kadi7\/wp-json\/wp\/v2\/comments?post=12364"}],"version-history":[{"count":28,"href":"https:\/\/roosmann.ee\/kadi7\/wp-json\/wp\/v2\/pages\/12364\/revisions"}],"predecessor-version":[{"id":13137,"href":"https:\/\/roosmann.ee\/kadi7\/wp-json\/wp\/v2\/pages\/12364\/revisions\/13137"}],"wp:attachment":[{"href":"https:\/\/roosmann.ee\/kadi7\/wp-json\/wp\/v2\/media?parent=12364"}],"curies":[{"name":"wp","href":"https:\/\/api.w.org\/{rel}","templated":true}]}}