{"id":12362,"date":"2023-11-09T04:41:41","date_gmt":"2023-11-09T02:41:41","guid":{"rendered":"https:\/\/roosmann.ee\/kadi7\/?page_id=12362"},"modified":"2024-10-17T16:21:53","modified_gmt":"2024-10-17T13:21:53","slug":"tordid","status":"publish","type":"page","link":"https:\/\/roosmann.ee\/kadi7\/tordid\/","title":{"rendered":"Tordid"},"content":{"rendered":"\t\t<div data-elementor-type=\"wp-page\" data-elementor-id=\"12362\" class=\"elementor elementor-12362\">\n\t\t\t\t\t\t\t\t\t<section class=\"elementor-section elementor-top-section elementor-element elementor-element-a30c527 qodef-elementor-content-grid elementor-section-boxed elementor-section-height-default elementor-section-height-default\" data-id=\"a30c527\" data-element_type=\"section\" data-settings=\"{&quot;background_background&quot;:&quot;classic&quot;}\">\n\t\t\t\t\t\t<div class=\"elementor-container elementor-column-gap-default\">\n\t\t\t\t\t<div class=\"elementor-column elementor-col-50 elementor-top-column elementor-element elementor-element-61d561c\" data-id=\"61d561c\" data-element_type=\"column\">\n\t\t\t<div class=\"elementor-widget-wrap elementor-element-populated\">\n\t\t\t\t\t\t\t\t<div class=\"elementor-element elementor-element-6ea14b5 elementor-widget elementor-widget-swissdelight_core_section_title\" data-id=\"6ea14b5\" data-element_type=\"widget\" data-widget_type=\"swissdelight_core_section_title.default\">\n\t\t\t\t<div class=\"elementor-widget-container\">\n\t\t\t<div class=\"qodef-shortcode qodef-m subtitle-in-content qodef-section-title qodef-alignment--left  qodef-appear-animation--enabled\">\n\t\t<h3 class=\"qodef-m-title\" >\n\t\t\ttordi maitses on stiili\t<\/h3>\n\t\t<\/div>\n\t\t<\/div>\n\t\t\t\t<\/div>\n\t\t\t\t<div class=\"elementor-element elementor-element-9957452 elementor-widget elementor-widget-text-editor\" data-id=\"9957452\" data-element_type=\"widget\" data-widget_type=\"text-editor.default\">\n\t\t\t\t<div class=\"elementor-widget-container\">\n\t\t\t<style>\/*! elementor - v3.18.0 - 20-12-2023 *\/\n.elementor-widget-text-editor.elementor-drop-cap-view-stacked .elementor-drop-cap{background-color:#69727d;color:#fff}.elementor-widget-text-editor.elementor-drop-cap-view-framed .elementor-drop-cap{color:#69727d;border:3px solid;background-color:transparent}.elementor-widget-text-editor:not(.elementor-drop-cap-view-default) .elementor-drop-cap{margin-top:8px}.elementor-widget-text-editor:not(.elementor-drop-cap-view-default) .elementor-drop-cap-letter{width:1em;height:1em}.elementor-widget-text-editor .elementor-drop-cap{float:left;text-align:center;line-height:1;font-size:50px}.elementor-widget-text-editor .elementor-drop-cap-letter{display:inline-block}<\/style>\t\t\t\t<h4><span style=\"font-family: 'trebuchet ms', geneva; font-size: 22px;\"><strong>Sina unistad, mina loon<\/strong><\/span><\/h4><p><span style=\"font-family: 'trebuchet ms', geneva; font-size: 20px;\">Olen p\u00fchendunud looma k\u00e4sit\u00f6\u00f6na valminud torte ja kooke, mis kajastavad t\u00e4pselt Sinu soove ja maitse-eelistusi. Kuulates t\u00e4helepanelikult, milline on Sinu n\u00e4gemus t\u00e4iuslikust magustoidust.<\/span><\/p><p><span style=\"font-family: 'trebuchet ms', geneva; font-size: 20px;\">Iga tort ja kook, mille valmistan, on ainulaadne, stiilne ning t\u00e4ielikult isikup\u00e4rane &#8211; just nagu Sina seda ette kujutad.<\/span><\/p><h4><span style=\"font-family: 'trebuchet ms', geneva; font-size: 22px;\"><strong>Kvaliteetsed Koostisosad<\/strong><\/span><\/h4><p><span style=\"font-family: 'trebuchet ms', geneva; font-size: 20px;\"> Kasutan vaid k\u00f5rgekvaliteedilisi koostisosi, et tagada mitte ainult visuaalne atraktiivsus, vaid ka maitsev nauding. Minu k\u00e4sit\u00f6\u00f6 tordid on valmistatud armastuse ja t\u00e4helepanuga, et igal ampsul oleks eriline t\u00e4hendus.<\/span><\/p><p><span style=\"font-family: 'trebuchet ms', geneva; font-size: 20px;\">Teen Sinu t\u00e4htp\u00e4evast erilise hetke, luues torti v\u00f5i kooki, mis on selle p\u00e4eva t\u00f5eline p\u00e4rl ja meeldej\u00e4\u00e4v maitseelamus!<\/span><\/p>\t\t\t\t\t\t<\/div>\n\t\t\t\t<\/div>\n\t\t\t\t\t<\/div>\n\t\t<\/div>\n\t\t\t\t<div class=\"elementor-column elementor-col-50 elementor-top-column elementor-element elementor-element-8ab746f\" data-id=\"8ab746f\" data-element_type=\"column\">\n\t\t\t<div class=\"elementor-widget-wrap elementor-element-populated\">\n\t\t\t\t\t\t\t\t<div class=\"elementor-element elementor-element-9145c3c elementor-widget elementor-widget-image\" data-id=\"9145c3c\" data-element_type=\"widget\" data-widget_type=\"image.default\">\n\t\t\t\t<div class=\"elementor-widget-container\">\n\t\t\t<style>\/*! elementor - v3.18.0 - 20-12-2023 *\/\n.elementor-widget-image{text-align:center}.elementor-widget-image a{display:inline-block}.elementor-widget-image a img[src$=\".svg\"]{width:48px}.elementor-widget-image img{vertical-align:middle;display:inline-block}<\/style>\t\t\t\t\t\t\t\t\t\t\t\t<img fetchpriority=\"high\" decoding=\"async\" width=\"650\" height=\"650\" src=\"https:\/\/roosmann.ee\/kadi7\/wp-content\/uploads\/2024\/10\/457853766_476036362079613_2448182951506150344_n-650x650.jpg\" class=\"attachment-swissdelight_core_image_size_square size-swissdelight_core_image_size_square wp-image-13111\" alt=\"\" srcset=\"https:\/\/roosmann.ee\/kadi7\/wp-content\/uploads\/2024\/10\/457853766_476036362079613_2448182951506150344_n-650x650.jpg 650w, https:\/\/roosmann.ee\/kadi7\/wp-content\/uploads\/2024\/10\/457853766_476036362079613_2448182951506150344_n-150x150.jpg 150w, https:\/\/roosmann.ee\/kadi7\/wp-content\/uploads\/2024\/10\/457853766_476036362079613_2448182951506150344_n-1300x1300.jpg 1300w\" sizes=\"(max-width: 650px) 100vw, 650px\" \/>\t\t\t\t\t\t\t\t\t\t\t\t\t\t\t<\/div>\n\t\t\t\t<\/div>\n\t\t\t\t\t<\/div>\n\t\t<\/div>\n\t\t\t\t\t\t\t<\/div>\n\t\t<\/section>\n\t\t\t\t<section class=\"elementor-section elementor-top-section elementor-element elementor-element-1b7c185 qodef-elementor-content-grid elementor-section-boxed elementor-section-height-default elementor-section-height-default\" data-id=\"1b7c185\" data-element_type=\"section\" data-settings=\"{&quot;background_background&quot;:&quot;classic&quot;}\">\n\t\t\t\t\t\t<div class=\"elementor-container elementor-column-gap-default\">\n\t\t\t\t\t<div class=\"elementor-column elementor-col-50 elementor-top-column elementor-element elementor-element-4478e07\" data-id=\"4478e07\" data-element_type=\"column\">\n\t\t\t<div class=\"elementor-widget-wrap elementor-element-populated\">\n\t\t\t\t\t\t\t\t<div class=\"elementor-element elementor-element-c994b79 elementor-widget elementor-widget-image\" data-id=\"c994b79\" data-element_type=\"widget\" data-widget_type=\"image.default\">\n\t\t\t\t<div class=\"elementor-widget-container\">\n\t\t\t\t\t\t\t\t\t\t\t\t\t\t\t<img decoding=\"async\" width=\"650\" height=\"650\" src=\"https:\/\/roosmann.ee\/kadi7\/wp-content\/uploads\/2023\/11\/358558536_212661471750438_8210398149210886277_n-650x650.jpg\" class=\"attachment-swissdelight_core_image_size_square size-swissdelight_core_image_size_square wp-image-12266\" alt=\"Erikujundusega suhkrumassi kattega tort Tartumaal- KadiLellep O\u00dc\" srcset=\"https:\/\/roosmann.ee\/kadi7\/wp-content\/uploads\/2023\/11\/358558536_212661471750438_8210398149210886277_n-650x650.jpg 650w, https:\/\/roosmann.ee\/kadi7\/wp-content\/uploads\/2023\/11\/358558536_212661471750438_8210398149210886277_n-150x150.jpg 150w, https:\/\/roosmann.ee\/kadi7\/wp-content\/uploads\/2023\/11\/358558536_212661471750438_8210398149210886277_n-1300x1300.jpg 1300w, https:\/\/roosmann.ee\/kadi7\/wp-content\/uploads\/2023\/11\/358558536_212661471750438_8210398149210886277_n-300x300.jpg 300w, https:\/\/roosmann.ee\/kadi7\/wp-content\/uploads\/2023\/11\/358558536_212661471750438_8210398149210886277_n-100x100.jpg 100w\" sizes=\"(max-width: 650px) 100vw, 650px\" \/>\t\t\t\t\t\t\t\t\t\t\t\t\t\t\t<\/div>\n\t\t\t\t<\/div>\n\t\t\t\t\t<\/div>\n\t\t<\/div>\n\t\t\t\t<div class=\"elementor-column elementor-col-50 elementor-top-column elementor-element elementor-element-5ce9793\" data-id=\"5ce9793\" data-element_type=\"column\">\n\t\t\t<div class=\"elementor-widget-wrap elementor-element-populated\">\n\t\t\t\t\t\t\t\t<div class=\"elementor-element elementor-element-4a55c21 elementor-widget elementor-widget-swissdelight_core_section_title\" data-id=\"4a55c21\" data-element_type=\"widget\" data-widget_type=\"swissdelight_core_section_title.default\">\n\t\t\t\t<div class=\"elementor-widget-container\">\n\t\t\t<div class=\"qodef-shortcode qodef-m subtitle-in-content qodef-section-title qodef-alignment--left  qodef-appear-animation--enabled\">\n\t\t<h3 class=\"qodef-m-title\" >\n\t\t\tTordid&koogid\t<\/h3>\n\t\t<\/div>\n\t\t<\/div>\n\t\t\t\t<\/div>\n\t\t\t\t<div class=\"elementor-element elementor-element-36ef704 elementor-widget elementor-widget-text-editor\" data-id=\"36ef704\" data-element_type=\"widget\" data-widget_type=\"text-editor.default\">\n\t\t\t\t<div class=\"elementor-widget-container\">\n\t\t\t\t\t\t\t<p><span style=\"font-family: 'trebuchet ms', geneva; font-size: 23px;\">Laimi-toorjuustu tort<\/span><\/p><p><span style=\"font-family: 'trebuchet ms', geneva; font-size: 23px;\">Kohupiimatort<\/span><\/p><p><span style=\"font-family: 'trebuchet ms', geneva; font-size: 23px;\">Sefiiri tort<\/span><\/p><p><span style=\"font-family: 'trebuchet ms', geneva; font-size: 23px;\">K\u00fcpsise tort<\/span><\/p><p><span style=\"font-size: 23px; font-family: 'trebuchet ms', geneva;\">Brita kook<\/span><\/p><p><span style=\"font-size: 23px; font-family: 'trebuchet ms', geneva;\">Napoleoni kook<\/span><\/p><p><span style=\"font-size: 23px; font-family: 'trebuchet ms', geneva;\">Meekook<\/span><\/p>\t\t\t\t\t\t<\/div>\n\t\t\t\t<\/div>\n\t\t\t\t\t<\/div>\n\t\t<\/div>\n\t\t\t\t\t\t\t<\/div>\n\t\t<\/section>\n\t\t\t\t\t\t\t<\/div>\n\t\t","protected":false},"excerpt":{"rendered":"<p>tordi maitses on stiili Sina unistad, mina loon Olen p\u00fchendunud looma k\u00e4sit\u00f6\u00f6na valminud torte ja kooke, mis kajastavad t\u00e4pselt Sinu soove ja maitse-eelistusi. Kuulates t\u00e4helepanelikult, milline on Sinu n\u00e4gemus t\u00e4iuslikust magustoidust. Iga tort ja kook, mille valmistan, on ainulaadne, stiilne ning t\u00e4ielikult isikup\u00e4rane &#8211; just nagu Sina seda ette kujutad. Kvaliteetsed Koostisosad Kasutan vaid k\u00f5rgekvaliteedilisi [&hellip;]<\/p>\n","protected":false},"author":2,"featured_media":0,"parent":0,"menu_order":0,"comment_status":"closed","ping_status":"closed","template":"","meta":{"footnotes":""},"class_list":["post-12362","page","type-page","status-publish","hentry"],"yoast_head":"<!-- This site is optimized with the Yoast SEO plugin v21.7 - https:\/\/yoast.com\/wordpress\/plugins\/seo\/ -->\n<title>Tordid - KadiLellep O\u00dc<\/title>\n<meta name=\"robots\" content=\"index, follow, max-snippet:-1, max-image-preview:large, max-video-preview:-1\" \/>\n<link rel=\"canonical\" href=\"https:\/\/roosmann.ee\/kadi7\/tordid\/\" \/>\n<meta property=\"og:locale\" content=\"en_US\" \/>\n<meta property=\"og:type\" content=\"article\" \/>\n<meta property=\"og:title\" content=\"Tordid - KadiLellep O\u00dc\" \/>\n<meta property=\"og:description\" content=\"tordi maitses on stiili Sina unistad, mina loon Olen p\u00fchendunud looma k\u00e4sit\u00f6\u00f6na valminud torte ja kooke, mis kajastavad t\u00e4pselt Sinu soove ja maitse-eelistusi. Kuulates t\u00e4helepanelikult, milline on Sinu n\u00e4gemus t\u00e4iuslikust magustoidust. Iga tort ja kook, mille valmistan, on ainulaadne, stiilne ning t\u00e4ielikult isikup\u00e4rane &#8211; just nagu Sina seda ette kujutad. Kvaliteetsed Koostisosad Kasutan vaid k\u00f5rgekvaliteedilisi [&hellip;]\" \/>\n<meta property=\"og:url\" content=\"https:\/\/roosmann.ee\/kadi7\/tordid\/\" \/>\n<meta property=\"og:site_name\" content=\"KadiLellep O\u00dc\" \/>\n<meta property=\"article:modified_time\" content=\"2024-10-17T13:21:53+00:00\" \/>\n<meta property=\"og:image\" content=\"https:\/\/roosmann.ee\/kadi7\/wp-content\/uploads\/2024\/10\/457853766_476036362079613_2448182951506150344_n-650x650.jpg\" \/>\n<meta name=\"twitter:card\" content=\"summary_large_image\" \/>\n<meta name=\"twitter:label1\" content=\"Est. reading time\" \/>\n\t<meta name=\"twitter:data1\" content=\"1 minute\" \/>\n<script type=\"application\/ld+json\" class=\"yoast-schema-graph\">{\"@context\":\"https:\/\/schema.org\",\"@graph\":[{\"@type\":\"WebPage\",\"@id\":\"https:\/\/roosmann.ee\/kadi7\/tordid\/\",\"url\":\"https:\/\/roosmann.ee\/kadi7\/tordid\/\",\"name\":\"Tordid - KadiLellep O\u00dc\",\"isPartOf\":{\"@id\":\"https:\/\/roosmann.ee\/kadi7\/#website\"},\"datePublished\":\"2023-11-09T02:41:41+00:00\",\"dateModified\":\"2024-10-17T13:21:53+00:00\",\"breadcrumb\":{\"@id\":\"https:\/\/roosmann.ee\/kadi7\/tordid\/#breadcrumb\"},\"inLanguage\":\"en-US\",\"potentialAction\":[{\"@type\":\"ReadAction\",\"target\":[\"https:\/\/roosmann.ee\/kadi7\/tordid\/\"]}]},{\"@type\":\"BreadcrumbList\",\"@id\":\"https:\/\/roosmann.ee\/kadi7\/tordid\/#breadcrumb\",\"itemListElement\":[{\"@type\":\"ListItem\",\"position\":1,\"name\":\"Home\",\"item\":\"https:\/\/roosmann.ee\/kadi7\/\"},{\"@type\":\"ListItem\",\"position\":2,\"name\":\"Tordid\"}]},{\"@type\":\"WebSite\",\"@id\":\"https:\/\/roosmann.ee\/kadi7\/#website\",\"url\":\"https:\/\/roosmann.ee\/kadi7\/\",\"name\":\"KadiLellep O\u00dc\",\"description\":\"kondiitri tooted Tartumaal\",\"publisher\":{\"@id\":\"https:\/\/roosmann.ee\/kadi7\/#organization\"},\"potentialAction\":[{\"@type\":\"SearchAction\",\"target\":{\"@type\":\"EntryPoint\",\"urlTemplate\":\"https:\/\/roosmann.ee\/kadi7\/?s={search_term_string}\"},\"query-input\":\"required name=search_term_string\"}],\"inLanguage\":\"en-US\"},{\"@type\":\"Organization\",\"@id\":\"https:\/\/roosmann.ee\/kadi7\/#organization\",\"name\":\"KadiLellep O\u00dc\",\"url\":\"https:\/\/roosmann.ee\/kadi7\/\",\"logo\":{\"@type\":\"ImageObject\",\"inLanguage\":\"en-US\",\"@id\":\"https:\/\/roosmann.ee\/kadi7\/#\/schema\/logo\/image\/\",\"url\":\"https:\/\/roosmann.ee\/kadi7\/wp-content\/uploads\/2024\/10\/kadilellep.png\",\"contentUrl\":\"https:\/\/roosmann.ee\/kadi7\/wp-content\/uploads\/2024\/10\/kadilellep.png\",\"width\":502,\"height\":153,\"caption\":\"KadiLellep O\u00dc\"},\"image\":{\"@id\":\"https:\/\/roosmann.ee\/kadi7\/#\/schema\/logo\/image\/\"}}]}<\/script>\n<!-- \/ Yoast SEO plugin. -->","yoast_head_json":{"title":"Tordid - KadiLellep O\u00dc","robots":{"index":"index","follow":"follow","max-snippet":"max-snippet:-1","max-image-preview":"max-image-preview:large","max-video-preview":"max-video-preview:-1"},"canonical":"https:\/\/roosmann.ee\/kadi7\/tordid\/","og_locale":"en_US","og_type":"article","og_title":"Tordid - KadiLellep O\u00dc","og_description":"tordi maitses on stiili Sina unistad, mina loon Olen p\u00fchendunud looma k\u00e4sit\u00f6\u00f6na valminud torte ja kooke, mis kajastavad t\u00e4pselt Sinu soove ja maitse-eelistusi. Kuulates t\u00e4helepanelikult, milline on Sinu n\u00e4gemus t\u00e4iuslikust magustoidust. Iga tort ja kook, mille valmistan, on ainulaadne, stiilne ning t\u00e4ielikult isikup\u00e4rane &#8211; just nagu Sina seda ette kujutad. Kvaliteetsed Koostisosad Kasutan vaid k\u00f5rgekvaliteedilisi [&hellip;]","og_url":"https:\/\/roosmann.ee\/kadi7\/tordid\/","og_site_name":"KadiLellep O\u00dc","article_modified_time":"2024-10-17T13:21:53+00:00","og_image":[{"url":"https:\/\/roosmann.ee\/kadi7\/wp-content\/uploads\/2024\/10\/457853766_476036362079613_2448182951506150344_n-650x650.jpg"}],"twitter_card":"summary_large_image","twitter_misc":{"Est. reading time":"1 minute"},"schema":{"@context":"https:\/\/schema.org","@graph":[{"@type":"WebPage","@id":"https:\/\/roosmann.ee\/kadi7\/tordid\/","url":"https:\/\/roosmann.ee\/kadi7\/tordid\/","name":"Tordid - KadiLellep O\u00dc","isPartOf":{"@id":"https:\/\/roosmann.ee\/kadi7\/#website"},"datePublished":"2023-11-09T02:41:41+00:00","dateModified":"2024-10-17T13:21:53+00:00","breadcrumb":{"@id":"https:\/\/roosmann.ee\/kadi7\/tordid\/#breadcrumb"},"inLanguage":"en-US","potentialAction":[{"@type":"ReadAction","target":["https:\/\/roosmann.ee\/kadi7\/tordid\/"]}]},{"@type":"BreadcrumbList","@id":"https:\/\/roosmann.ee\/kadi7\/tordid\/#breadcrumb","itemListElement":[{"@type":"ListItem","position":1,"name":"Home","item":"https:\/\/roosmann.ee\/kadi7\/"},{"@type":"ListItem","position":2,"name":"Tordid"}]},{"@type":"WebSite","@id":"https:\/\/roosmann.ee\/kadi7\/#website","url":"https:\/\/roosmann.ee\/kadi7\/","name":"KadiLellep O\u00dc","description":"kondiitri tooted Tartumaal","publisher":{"@id":"https:\/\/roosmann.ee\/kadi7\/#organization"},"potentialAction":[{"@type":"SearchAction","target":{"@type":"EntryPoint","urlTemplate":"https:\/\/roosmann.ee\/kadi7\/?s={search_term_string}"},"query-input":"required name=search_term_string"}],"inLanguage":"en-US"},{"@type":"Organization","@id":"https:\/\/roosmann.ee\/kadi7\/#organization","name":"KadiLellep O\u00dc","url":"https:\/\/roosmann.ee\/kadi7\/","logo":{"@type":"ImageObject","inLanguage":"en-US","@id":"https:\/\/roosmann.ee\/kadi7\/#\/schema\/logo\/image\/","url":"https:\/\/roosmann.ee\/kadi7\/wp-content\/uploads\/2024\/10\/kadilellep.png","contentUrl":"https:\/\/roosmann.ee\/kadi7\/wp-content\/uploads\/2024\/10\/kadilellep.png","width":502,"height":153,"caption":"KadiLellep O\u00dc"},"image":{"@id":"https:\/\/roosmann.ee\/kadi7\/#\/schema\/logo\/image\/"}}]}},"_links":{"self":[{"href":"https:\/\/roosmann.ee\/kadi7\/wp-json\/wp\/v2\/pages\/12362","targetHints":{"allow":["GET"]}}],"collection":[{"href":"https:\/\/roosmann.ee\/kadi7\/wp-json\/wp\/v2\/pages"}],"about":[{"href":"https:\/\/roosmann.ee\/kadi7\/wp-json\/wp\/v2\/types\/page"}],"author":[{"embeddable":true,"href":"https:\/\/roosmann.ee\/kadi7\/wp-json\/wp\/v2\/users\/2"}],"replies":[{"embeddable":true,"href":"https:\/\/roosmann.ee\/kadi7\/wp-json\/wp\/v2\/comments?post=12362"}],"version-history":[{"count":66,"href":"https:\/\/roosmann.ee\/kadi7\/wp-json\/wp\/v2\/pages\/12362\/revisions"}],"predecessor-version":[{"id":13150,"href":"https:\/\/roosmann.ee\/kadi7\/wp-json\/wp\/v2\/pages\/12362\/revisions\/13150"}],"wp:attachment":[{"href":"https:\/\/roosmann.ee\/kadi7\/wp-json\/wp\/v2\/media?parent=12362"}],"curies":[{"name":"wp","href":"https:\/\/api.w.org\/{rel}","templated":true}]}}