{"id":12359,"date":"2023-11-09T04:42:12","date_gmt":"2023-11-09T02:42:12","guid":{"rendered":"https:\/\/roosmann.ee\/kadi7\/?page_id=12359"},"modified":"2024-10-17T16:19:39","modified_gmt":"2024-10-17T13:19:39","slug":"kringlid","status":"publish","type":"page","link":"https:\/\/roosmann.ee\/kadi7\/kringlid\/","title":{"rendered":"Kringlid"},"content":{"rendered":"\t\t<div data-elementor-type=\"wp-page\" data-elementor-id=\"12359\" class=\"elementor elementor-12359\">\n\t\t\t\t\t\t\t\t\t<section class=\"elementor-section elementor-top-section elementor-element elementor-element-f5b93b1 qodef-elementor-content-grid elementor-section-boxed elementor-section-height-default elementor-section-height-default\" data-id=\"f5b93b1\" data-element_type=\"section\" data-settings=\"{&quot;background_background&quot;:&quot;classic&quot;}\">\n\t\t\t\t\t\t<div class=\"elementor-container elementor-column-gap-default\">\n\t\t\t\t\t<div class=\"elementor-column elementor-col-50 elementor-top-column elementor-element elementor-element-92ff820\" data-id=\"92ff820\" data-element_type=\"column\">\n\t\t\t<div class=\"elementor-widget-wrap elementor-element-populated\">\n\t\t\t\t\t\t\t\t<div class=\"elementor-element elementor-element-b3488fa elementor-widget elementor-widget-swissdelight_core_section_title\" data-id=\"b3488fa\" data-element_type=\"widget\" data-widget_type=\"swissdelight_core_section_title.default\">\n\t\t\t\t<div class=\"elementor-widget-container\">\n\t\t\t<div class=\"qodef-shortcode qodef-m subtitle-in-content qodef-section-title qodef-alignment--left  qodef-appear-animation--enabled\">\n\t\t<h3 class=\"qodef-m-title\" >\n\t\t\tunustamatu kringli maitseelamus\t<\/h3>\n\t\t<\/div>\n\t\t<\/div>\n\t\t\t\t<\/div>\n\t\t\t\t<div class=\"elementor-element elementor-element-48dbb6d elementor-widget elementor-widget-text-editor\" data-id=\"48dbb6d\" data-element_type=\"widget\" data-widget_type=\"text-editor.default\">\n\t\t\t\t<div class=\"elementor-widget-container\">\n\t\t\t<style>\/*! elementor - v3.18.0 - 20-12-2023 *\/\n.elementor-widget-text-editor.elementor-drop-cap-view-stacked .elementor-drop-cap{background-color:#69727d;color:#fff}.elementor-widget-text-editor.elementor-drop-cap-view-framed .elementor-drop-cap{color:#69727d;border:3px solid;background-color:transparent}.elementor-widget-text-editor:not(.elementor-drop-cap-view-default) .elementor-drop-cap{margin-top:8px}.elementor-widget-text-editor:not(.elementor-drop-cap-view-default) .elementor-drop-cap-letter{width:1em;height:1em}.elementor-widget-text-editor .elementor-drop-cap{float:left;text-align:center;line-height:1;font-size:50px}.elementor-widget-text-editor .elementor-drop-cap-letter{display:inline-block}<\/style>\t\t\t\t<h4><span style=\"font-family: 'trebuchet ms', geneva; font-size: 22px;\"><strong>Vali Soolane v\u00f5i Magus<\/strong><\/span><\/h4><p><span style=\"font-family: 'trebuchet ms', geneva; font-size: 20px;\">Minu kringlite valik v\u00f5imaldab Sul valida soolaste v\u00f5i magusate maitsete vahel vastavalt Sinu eelistustele. Kas soovid nautida mahlast ja pehmet \u00f5una-kaneelikringlit v\u00f5i hoopis soolast kringlit, mille t\u00e4idis on justkui maitser\u00e4nnak?<\/span><\/p><h4><span style=\"font-family: 'trebuchet ms', geneva; font-size: 22px;\"><strong>Maitsev K\u00e4sitsit\u00f6\u00f6<\/strong><\/span><\/h4><p><span style=\"font-family: 'trebuchet ms', geneva; font-size: 22px;\">Iga kringel valmib k\u00e4sit\u00f6\u00f6na, kasutades parimaid retsepte ja kvaliteetseid tooraineid. Tulemuseks on Sinu kombineeritud t\u00e4idistega valmistatud kringlid, mis pakuvad mitmek\u00fclgseid maitseelamusi.<\/span><\/p><h4><span style=\"font-family: 'trebuchet ms', geneva; font-size: 22px;\"><strong>Igaks T\u00e4htp\u00e4evaks Midagi Erilist<\/strong><\/span><\/h4><p><span style=\"font-family: 'trebuchet ms', geneva; font-size: 20px;\">Olenemata sellest, kas t\u00e4histad s\u00fcnnip\u00e4eva, pere\u00fcritust v\u00f5i lihtsalt soovid argip\u00e4eva muuta erilisemaks, meie kringlid sobivad igaks t\u00e4htp\u00e4evaks. Vali oma lemmik ja tee s\u00fcndmus meeldej\u00e4\u00e4vaks.<\/span><\/p><h4><span style=\"font-family: 'trebuchet ms', geneva; font-size: 22px;\"><strong>Kohandatavad Tellimused<\/strong><\/span><\/h4><p><span style=\"font-family: 'trebuchet ms', geneva; font-size: 20px;\">Vali t\u00e4pselt need maitseid ja t\u00e4idiseid, mis Sinu maitsemeeltele k\u00f5ige rohkem r\u00f5\u00f5mu pakuvad.<\/span><\/p>\t\t\t\t\t\t<\/div>\n\t\t\t\t<\/div>\n\t\t\t\t\t<\/div>\n\t\t<\/div>\n\t\t\t\t<div class=\"elementor-column elementor-col-50 elementor-top-column elementor-element elementor-element-b65b349\" data-id=\"b65b349\" data-element_type=\"column\">\n\t\t\t<div class=\"elementor-widget-wrap elementor-element-populated\">\n\t\t\t\t\t\t\t\t<div class=\"elementor-element elementor-element-6922c92 elementor-widget elementor-widget-image\" data-id=\"6922c92\" data-element_type=\"widget\" data-widget_type=\"image.default\">\n\t\t\t\t<div class=\"elementor-widget-container\">\n\t\t\t<style>\/*! elementor - v3.18.0 - 20-12-2023 *\/\n.elementor-widget-image{text-align:center}.elementor-widget-image a{display:inline-block}.elementor-widget-image a img[src$=\".svg\"]{width:48px}.elementor-widget-image img{vertical-align:middle;display:inline-block}<\/style>\t\t\t\t\t\t\t\t\t\t\t\t<img fetchpriority=\"high\" decoding=\"async\" width=\"1536\" height=\"2048\" src=\"https:\/\/roosmann.ee\/kadi7\/wp-content\/uploads\/2024\/10\/438275973_387795190903731_7394741555601883202_n.jpg\" class=\"attachment-2048x2048 size-2048x2048 wp-image-13138\" alt=\"\" srcset=\"https:\/\/roosmann.ee\/kadi7\/wp-content\/uploads\/2024\/10\/438275973_387795190903731_7394741555601883202_n.jpg 1536w, https:\/\/roosmann.ee\/kadi7\/wp-content\/uploads\/2024\/10\/438275973_387795190903731_7394741555601883202_n-225x300.jpg 225w, https:\/\/roosmann.ee\/kadi7\/wp-content\/uploads\/2024\/10\/438275973_387795190903731_7394741555601883202_n-768x1024.jpg 768w, https:\/\/roosmann.ee\/kadi7\/wp-content\/uploads\/2024\/10\/438275973_387795190903731_7394741555601883202_n-1152x1536.jpg 1152w\" sizes=\"(max-width: 1536px) 100vw, 1536px\" \/>\t\t\t\t\t\t\t\t\t\t\t\t\t\t\t<\/div>\n\t\t\t\t<\/div>\n\t\t\t\t\t<\/div>\n\t\t<\/div>\n\t\t\t\t\t\t\t<\/div>\n\t\t<\/section>\n\t\t\t\t<section class=\"elementor-section elementor-top-section elementor-element elementor-element-7aa2b94 qodef-elementor-content-grid elementor-section-boxed elementor-section-height-default elementor-section-height-default\" data-id=\"7aa2b94\" data-element_type=\"section\" data-settings=\"{&quot;background_background&quot;:&quot;classic&quot;}\">\n\t\t\t\t\t\t<div class=\"elementor-container elementor-column-gap-default\">\n\t\t\t\t\t<div class=\"elementor-column elementor-col-50 elementor-top-column elementor-element elementor-element-a10787b\" data-id=\"a10787b\" data-element_type=\"column\">\n\t\t\t<div class=\"elementor-widget-wrap elementor-element-populated\">\n\t\t\t\t\t\t\t\t<div class=\"elementor-element elementor-element-86899cb elementor-widget elementor-widget-image\" data-id=\"86899cb\" data-element_type=\"widget\" data-widget_type=\"image.default\">\n\t\t\t\t<div class=\"elementor-widget-container\">\n\t\t\t\t\t\t\t\t\t\t\t\t\t\t\t<img decoding=\"async\" width=\"650\" height=\"650\" src=\"https:\/\/roosmann.ee\/kadi7\/wp-content\/uploads\/2024\/10\/440853437_401540416195875_5562789131491950812_n-650x650.jpg\" class=\"attachment-swissdelight_core_image_size_square size-swissdelight_core_image_size_square wp-image-13139\" alt=\"\" srcset=\"https:\/\/roosmann.ee\/kadi7\/wp-content\/uploads\/2024\/10\/440853437_401540416195875_5562789131491950812_n-650x650.jpg 650w, https:\/\/roosmann.ee\/kadi7\/wp-content\/uploads\/2024\/10\/440853437_401540416195875_5562789131491950812_n-150x150.jpg 150w, https:\/\/roosmann.ee\/kadi7\/wp-content\/uploads\/2024\/10\/440853437_401540416195875_5562789131491950812_n-1300x1300.jpg 1300w\" sizes=\"(max-width: 650px) 100vw, 650px\" \/>\t\t\t\t\t\t\t\t\t\t\t\t\t\t\t<\/div>\n\t\t\t\t<\/div>\n\t\t\t\t\t<\/div>\n\t\t<\/div>\n\t\t\t\t<div class=\"elementor-column elementor-col-50 elementor-top-column elementor-element elementor-element-a5924f0\" data-id=\"a5924f0\" data-element_type=\"column\">\n\t\t\t<div class=\"elementor-widget-wrap elementor-element-populated\">\n\t\t\t\t\t\t\t\t<div class=\"elementor-element elementor-element-adf8c51 elementor-widget elementor-widget-swissdelight_core_section_title\" data-id=\"adf8c51\" data-element_type=\"widget\" data-widget_type=\"swissdelight_core_section_title.default\">\n\t\t\t\t<div class=\"elementor-widget-container\">\n\t\t\t<div class=\"qodef-shortcode qodef-m subtitle-in-content qodef-section-title qodef-alignment--left  qodef-appear-animation--enabled\">\n\t\t<h3 class=\"qodef-m-title\" >\n\t\t\tKringlid\t<\/h3>\n\t\t<\/div>\n\t\t<\/div>\n\t\t\t\t<\/div>\n\t\t\t\t<div class=\"elementor-element elementor-element-d54ad7b elementor-widget elementor-widget-text-editor\" data-id=\"d54ad7b\" data-element_type=\"widget\" data-widget_type=\"text-editor.default\">\n\t\t\t\t<div class=\"elementor-widget-container\">\n\t\t\t\t\t\t\t<h4><span style=\"font-size: 20px; font-family: 'trebuchet ms', geneva;\"><strong>Magusad kringli t\u00e4idised<\/strong><\/span><\/h4><p><span style=\"font-family: 'trebuchet ms', geneva; font-size: 20px;\">\u0160okolaadi p\u00e4hkli<\/span><\/p><p><span style=\"font-family: 'trebuchet ms', geneva; font-size: 20px;\">\u0160okolaadi rosina<\/span><\/p><p><span style=\"font-family: 'trebuchet ms', geneva; font-size: 20px;\">P\u00e4hkli karamelli<\/span><\/p><p><span style=\"font-family: 'trebuchet ms', geneva; font-size: 20px;\">\u00d5una kaneeli<\/span><\/p><h4><span style=\"font-size: 22px;\"><strong><span style=\"font-family: 'trebuchet ms', geneva;\">Soolased kringli t\u00e4idised<\/span><\/strong><\/span><\/h4><p><span style=\"font-size: 20px; font-family: 'trebuchet ms', geneva;\">Singi juustu<\/span><\/p><p><span style=\"font-size: 20px; font-family: 'trebuchet ms', geneva;\">Suitsukana ananassi<\/span><\/p>\t\t\t\t\t\t<\/div>\n\t\t\t\t<\/div>\n\t\t\t\t\t<\/div>\n\t\t<\/div>\n\t\t\t\t\t\t\t<\/div>\n\t\t<\/section>\n\t\t\t\t\t\t\t<\/div>\n\t\t","protected":false},"excerpt":{"rendered":"<p>unustamatu kringli maitseelamus Vali Soolane v\u00f5i Magus Minu kringlite valik v\u00f5imaldab Sul valida soolaste v\u00f5i magusate maitsete vahel vastavalt Sinu eelistustele. Kas soovid nautida mahlast ja pehmet \u00f5una-kaneelikringlit v\u00f5i hoopis soolast kringlit, mille t\u00e4idis on justkui maitser\u00e4nnak? Maitsev K\u00e4sitsit\u00f6\u00f6 Iga kringel valmib k\u00e4sit\u00f6\u00f6na, kasutades parimaid retsepte ja kvaliteetseid tooraineid. Tulemuseks on Sinu kombineeritud t\u00e4idistega valmistatud [&hellip;]<\/p>\n","protected":false},"author":2,"featured_media":0,"parent":0,"menu_order":0,"comment_status":"closed","ping_status":"closed","template":"","meta":{"footnotes":""},"class_list":["post-12359","page","type-page","status-publish","hentry"],"yoast_head":"<!-- This site is optimized with the Yoast SEO plugin v21.7 - https:\/\/yoast.com\/wordpress\/plugins\/seo\/ -->\n<title>Kringlid - KadiLellep O\u00dc<\/title>\n<meta name=\"robots\" content=\"index, follow, max-snippet:-1, max-image-preview:large, max-video-preview:-1\" \/>\n<link rel=\"canonical\" href=\"https:\/\/roosmann.ee\/kadi7\/kringlid\/\" \/>\n<meta property=\"og:locale\" content=\"en_US\" \/>\n<meta property=\"og:type\" content=\"article\" \/>\n<meta property=\"og:title\" content=\"Kringlid - KadiLellep O\u00dc\" \/>\n<meta property=\"og:description\" content=\"unustamatu kringli maitseelamus Vali Soolane v\u00f5i Magus Minu kringlite valik v\u00f5imaldab Sul valida soolaste v\u00f5i magusate maitsete vahel vastavalt Sinu eelistustele. Kas soovid nautida mahlast ja pehmet \u00f5una-kaneelikringlit v\u00f5i hoopis soolast kringlit, mille t\u00e4idis on justkui maitser\u00e4nnak? Maitsev K\u00e4sitsit\u00f6\u00f6 Iga kringel valmib k\u00e4sit\u00f6\u00f6na, kasutades parimaid retsepte ja kvaliteetseid tooraineid. Tulemuseks on Sinu kombineeritud t\u00e4idistega valmistatud [&hellip;]\" \/>\n<meta property=\"og:url\" content=\"https:\/\/roosmann.ee\/kadi7\/kringlid\/\" \/>\n<meta property=\"og:site_name\" content=\"KadiLellep O\u00dc\" \/>\n<meta property=\"article:modified_time\" content=\"2024-10-17T13:19:39+00:00\" \/>\n<meta property=\"og:image\" content=\"https:\/\/roosmann.ee\/kadi7\/wp-content\/uploads\/2024\/10\/438275973_387795190903731_7394741555601883202_n.jpg\" \/>\n<meta name=\"twitter:card\" content=\"summary_large_image\" \/>\n<meta name=\"twitter:label1\" content=\"Est. reading time\" \/>\n\t<meta name=\"twitter:data1\" content=\"1 minute\" \/>\n<script type=\"application\/ld+json\" class=\"yoast-schema-graph\">{\"@context\":\"https:\/\/schema.org\",\"@graph\":[{\"@type\":\"WebPage\",\"@id\":\"https:\/\/roosmann.ee\/kadi7\/kringlid\/\",\"url\":\"https:\/\/roosmann.ee\/kadi7\/kringlid\/\",\"name\":\"Kringlid - KadiLellep O\u00dc\",\"isPartOf\":{\"@id\":\"https:\/\/roosmann.ee\/kadi7\/#website\"},\"datePublished\":\"2023-11-09T02:42:12+00:00\",\"dateModified\":\"2024-10-17T13:19:39+00:00\",\"breadcrumb\":{\"@id\":\"https:\/\/roosmann.ee\/kadi7\/kringlid\/#breadcrumb\"},\"inLanguage\":\"en-US\",\"potentialAction\":[{\"@type\":\"ReadAction\",\"target\":[\"https:\/\/roosmann.ee\/kadi7\/kringlid\/\"]}]},{\"@type\":\"BreadcrumbList\",\"@id\":\"https:\/\/roosmann.ee\/kadi7\/kringlid\/#breadcrumb\",\"itemListElement\":[{\"@type\":\"ListItem\",\"position\":1,\"name\":\"Home\",\"item\":\"https:\/\/roosmann.ee\/kadi7\/\"},{\"@type\":\"ListItem\",\"position\":2,\"name\":\"Kringlid\"}]},{\"@type\":\"WebSite\",\"@id\":\"https:\/\/roosmann.ee\/kadi7\/#website\",\"url\":\"https:\/\/roosmann.ee\/kadi7\/\",\"name\":\"KadiLellep O\u00dc\",\"description\":\"kondiitri tooted Tartumaal\",\"publisher\":{\"@id\":\"https:\/\/roosmann.ee\/kadi7\/#organization\"},\"potentialAction\":[{\"@type\":\"SearchAction\",\"target\":{\"@type\":\"EntryPoint\",\"urlTemplate\":\"https:\/\/roosmann.ee\/kadi7\/?s={search_term_string}\"},\"query-input\":\"required name=search_term_string\"}],\"inLanguage\":\"en-US\"},{\"@type\":\"Organization\",\"@id\":\"https:\/\/roosmann.ee\/kadi7\/#organization\",\"name\":\"KadiLellep O\u00dc\",\"url\":\"https:\/\/roosmann.ee\/kadi7\/\",\"logo\":{\"@type\":\"ImageObject\",\"inLanguage\":\"en-US\",\"@id\":\"https:\/\/roosmann.ee\/kadi7\/#\/schema\/logo\/image\/\",\"url\":\"https:\/\/roosmann.ee\/kadi7\/wp-content\/uploads\/2024\/10\/kadilellep.png\",\"contentUrl\":\"https:\/\/roosmann.ee\/kadi7\/wp-content\/uploads\/2024\/10\/kadilellep.png\",\"width\":502,\"height\":153,\"caption\":\"KadiLellep O\u00dc\"},\"image\":{\"@id\":\"https:\/\/roosmann.ee\/kadi7\/#\/schema\/logo\/image\/\"}}]}<\/script>\n<!-- \/ Yoast SEO plugin. -->","yoast_head_json":{"title":"Kringlid - KadiLellep O\u00dc","robots":{"index":"index","follow":"follow","max-snippet":"max-snippet:-1","max-image-preview":"max-image-preview:large","max-video-preview":"max-video-preview:-1"},"canonical":"https:\/\/roosmann.ee\/kadi7\/kringlid\/","og_locale":"en_US","og_type":"article","og_title":"Kringlid - KadiLellep O\u00dc","og_description":"unustamatu kringli maitseelamus Vali Soolane v\u00f5i Magus Minu kringlite valik v\u00f5imaldab Sul valida soolaste v\u00f5i magusate maitsete vahel vastavalt Sinu eelistustele. Kas soovid nautida mahlast ja pehmet \u00f5una-kaneelikringlit v\u00f5i hoopis soolast kringlit, mille t\u00e4idis on justkui maitser\u00e4nnak? Maitsev K\u00e4sitsit\u00f6\u00f6 Iga kringel valmib k\u00e4sit\u00f6\u00f6na, kasutades parimaid retsepte ja kvaliteetseid tooraineid. Tulemuseks on Sinu kombineeritud t\u00e4idistega valmistatud [&hellip;]","og_url":"https:\/\/roosmann.ee\/kadi7\/kringlid\/","og_site_name":"KadiLellep O\u00dc","article_modified_time":"2024-10-17T13:19:39+00:00","og_image":[{"url":"https:\/\/roosmann.ee\/kadi7\/wp-content\/uploads\/2024\/10\/438275973_387795190903731_7394741555601883202_n.jpg"}],"twitter_card":"summary_large_image","twitter_misc":{"Est. reading time":"1 minute"},"schema":{"@context":"https:\/\/schema.org","@graph":[{"@type":"WebPage","@id":"https:\/\/roosmann.ee\/kadi7\/kringlid\/","url":"https:\/\/roosmann.ee\/kadi7\/kringlid\/","name":"Kringlid - KadiLellep O\u00dc","isPartOf":{"@id":"https:\/\/roosmann.ee\/kadi7\/#website"},"datePublished":"2023-11-09T02:42:12+00:00","dateModified":"2024-10-17T13:19:39+00:00","breadcrumb":{"@id":"https:\/\/roosmann.ee\/kadi7\/kringlid\/#breadcrumb"},"inLanguage":"en-US","potentialAction":[{"@type":"ReadAction","target":["https:\/\/roosmann.ee\/kadi7\/kringlid\/"]}]},{"@type":"BreadcrumbList","@id":"https:\/\/roosmann.ee\/kadi7\/kringlid\/#breadcrumb","itemListElement":[{"@type":"ListItem","position":1,"name":"Home","item":"https:\/\/roosmann.ee\/kadi7\/"},{"@type":"ListItem","position":2,"name":"Kringlid"}]},{"@type":"WebSite","@id":"https:\/\/roosmann.ee\/kadi7\/#website","url":"https:\/\/roosmann.ee\/kadi7\/","name":"KadiLellep O\u00dc","description":"kondiitri tooted Tartumaal","publisher":{"@id":"https:\/\/roosmann.ee\/kadi7\/#organization"},"potentialAction":[{"@type":"SearchAction","target":{"@type":"EntryPoint","urlTemplate":"https:\/\/roosmann.ee\/kadi7\/?s={search_term_string}"},"query-input":"required name=search_term_string"}],"inLanguage":"en-US"},{"@type":"Organization","@id":"https:\/\/roosmann.ee\/kadi7\/#organization","name":"KadiLellep O\u00dc","url":"https:\/\/roosmann.ee\/kadi7\/","logo":{"@type":"ImageObject","inLanguage":"en-US","@id":"https:\/\/roosmann.ee\/kadi7\/#\/schema\/logo\/image\/","url":"https:\/\/roosmann.ee\/kadi7\/wp-content\/uploads\/2024\/10\/kadilellep.png","contentUrl":"https:\/\/roosmann.ee\/kadi7\/wp-content\/uploads\/2024\/10\/kadilellep.png","width":502,"height":153,"caption":"KadiLellep O\u00dc"},"image":{"@id":"https:\/\/roosmann.ee\/kadi7\/#\/schema\/logo\/image\/"}}]}},"_links":{"self":[{"href":"https:\/\/roosmann.ee\/kadi7\/wp-json\/wp\/v2\/pages\/12359","targetHints":{"allow":["GET"]}}],"collection":[{"href":"https:\/\/roosmann.ee\/kadi7\/wp-json\/wp\/v2\/pages"}],"about":[{"href":"https:\/\/roosmann.ee\/kadi7\/wp-json\/wp\/v2\/types\/page"}],"author":[{"embeddable":true,"href":"https:\/\/roosmann.ee\/kadi7\/wp-json\/wp\/v2\/users\/2"}],"replies":[{"embeddable":true,"href":"https:\/\/roosmann.ee\/kadi7\/wp-json\/wp\/v2\/comments?post=12359"}],"version-history":[{"count":45,"href":"https:\/\/roosmann.ee\/kadi7\/wp-json\/wp\/v2\/pages\/12359\/revisions"}],"predecessor-version":[{"id":13143,"href":"https:\/\/roosmann.ee\/kadi7\/wp-json\/wp\/v2\/pages\/12359\/revisions\/13143"}],"wp:attachment":[{"href":"https:\/\/roosmann.ee\/kadi7\/wp-json\/wp\/v2\/media?parent=12359"}],"curies":[{"name":"wp","href":"https:\/\/api.w.org\/{rel}","templated":true}]}}