{"id":12329,"date":"2023-11-09T03:18:40","date_gmt":"2023-11-09T01:18:40","guid":{"rendered":"https:\/\/roosmann.ee\/kadi7\/?page_id=12329"},"modified":"2024-10-24T16:52:15","modified_gmt":"2024-10-24T13:52:15","slug":"tellimine","status":"publish","type":"page","link":"https:\/\/roosmann.ee\/kadi7\/tellimine\/","title":{"rendered":"tellimine"},"content":{"rendered":"\t\t<div data-elementor-type=\"wp-page\" data-elementor-id=\"12329\" class=\"elementor elementor-12329\">\n\t\t\t\t\t\t\t<div class=\"elementor-element elementor-element-a920c6f e-flex e-con-boxed e-con e-parent\" data-id=\"a920c6f\" data-element_type=\"container\" data-settings=\"{&quot;content_width&quot;:&quot;boxed&quot;}\" data-core-v316-plus=\"true\">\n\t\t\t\t\t<div class=\"e-con-inner\">\n\t\t\t\t<div class=\"elementor-element elementor-element-1cc6869 elementor-widget elementor-widget-text-editor\" data-id=\"1cc6869\" data-element_type=\"widget\" data-widget_type=\"text-editor.default\">\n\t\t\t\t<div class=\"elementor-widget-container\">\n\t\t\t<style>\/*! elementor - v3.18.0 - 20-12-2023 *\/\n.elementor-widget-text-editor.elementor-drop-cap-view-stacked .elementor-drop-cap{background-color:#69727d;color:#fff}.elementor-widget-text-editor.elementor-drop-cap-view-framed .elementor-drop-cap{color:#69727d;border:3px solid;background-color:transparent}.elementor-widget-text-editor:not(.elementor-drop-cap-view-default) .elementor-drop-cap{margin-top:8px}.elementor-widget-text-editor:not(.elementor-drop-cap-view-default) .elementor-drop-cap-letter{width:1em;height:1em}.elementor-widget-text-editor .elementor-drop-cap{float:left;text-align:center;line-height:1;font-size:50px}.elementor-widget-text-editor .elementor-drop-cap-letter{display:inline-block}<\/style>\t\t\t\t<p><span style=\"font-family: 'trebuchet ms', geneva; font-size: 18px;\">Tere tulemast imelisse pagar-kondiitri maailma Tartumaal ja Alatskivil!<\/span><\/p><p><span style=\"font-family: 'trebuchet ms', geneva; font-size: 18px;\">Pakun kvaliteetseid ja maitseelamusi pakkuvaid torte, kooke, pulgakooke, makroone, k\u00fcpsiseid ja kinkekarpe, leibasid ja saiasid. K\u00e4sit\u00f6\u00f6na valminud k\u00fcpsetised sobivad suurep\u00e4raselt nii pidulikeks s\u00fcndmusteks kui ka igap\u00e4evaseks naudinguks.<\/span><\/p><h3><span style=\"font-family: 'trebuchet ms', geneva; font-size: 26px;\">tootevalik<\/span><\/h3><p><span style=\"font-family: 'trebuchet ms', geneva; font-size: 18px;\"><strong>Tordid <\/strong>on valminud\u00a0armastusega ja ainult parimatest toorainetest.<\/span><span style=\"font-family: 'trebuchet ms', geneva; font-size: 18px;\">\u00a0Valikus on mitmeid ahvatlevaid maitseid ja disaine, mis r\u00f5\u00f5mustavad nii silma kui ka maitsemeeli.<\/span><\/p><p><span style=\"font-family: 'trebuchet ms', geneva; font-size: 18px;\"><strong>Makroonid <\/strong>On \u00f5rnad ja kr\u00f5bedad, mis pakuvad t\u00e4iuslikku tasakaalu. Ideaalne lisand igale kohvi- v\u00f5i tee\u00f5htule.<\/span><\/p><p><span style=\"font-family: 'trebuchet ms', geneva; font-size: 18px;\"><strong>Kinkekarpides<\/strong><\/span><span style=\"font-size: 18px; font-family: 'trebuchet ms', geneva;\"> peituvad maitseelamused on suurep\u00e4rased kingitused igaks s\u00fcndmuseks, olgu selleks s\u00fcnnip\u00e4ev, isadep\u00e4ev, aastap\u00e4ev, j\u00f5ulud v\u00f5i lihtsalt armastuse avaldus. Tee kingitus, mis j\u00e4\u00e4b meelde ja mida m\u00e4letatakse veel pikka aega. <\/span><span style=\"font-size: 18px; font-family: 'trebuchet ms', geneva;\">Vali kvaliteet, vali maitse, see on kingitus, mis \u00fchendab luksuse ja maitse t\u00e4iuslikult!<\/span><\/p><p><strong><span style=\"font-size: 18px;\">Saiad, leivad<\/span><\/strong><span style=\"font-size: 18px;\"><span style=\"font-family: 'trebuchet ms', geneva;\"> kus iga leib ja sai on valminud armastuse ja hooliga! Juuretise baasil valmistatud leivad ja saiad toovad teie lauale unustamatu maitseelamuse, mis tuletab meelde vanade aegade traditsioone.<\/span><\/span><\/p><h3><span style=\"font-family: 'trebuchet ms', geneva; font-size: 26px;\">Kuidas tellida<\/span><\/h3><p><span style=\"font-family: 'trebuchet ms', geneva; font-size: 18px;\"><strong>Vali minu toodetest oma lemmikud.<\/strong><\/span><\/p><p><span style=\"font-family: 'trebuchet ms', geneva; font-size: 18px;\"><strong>Esita tellimus v\u00e4hemalt 7 p\u00e4eva ette.<\/strong><\/span><\/p><p><span style=\"font-family: 'trebuchet ms', geneva; font-size: 18px;\">2 p\u00e4eva etteteatamisega: +30%<\/span><\/p><p><span style=\"font-family: 'trebuchet ms', geneva; font-size: 18px;\">1 p\u00e4ev etteteatamisega: +50%<\/span><\/p><p><span style=\"font-family: 'trebuchet ms', geneva; font-size: 18px;\"><strong>Transport kokkuleppel.<\/strong><\/span><\/p><h3><span style=\"font-family: 'trebuchet ms', geneva; font-size: 26px;\">Miks minu k\u00e4sit\u00f6\u00f6 k\u00fcpsetised ja maiustused?<\/span><\/h3><p><span style=\"font-family: 'trebuchet ms', geneva; font-size: 18px;\">Kvaliteetsed toorained<\/span><\/p><p><span style=\"font-family: 'trebuchet ms', geneva; font-size: 18px;\">Ainulaadsed disainid<\/span><\/p><p><span style=\"font-family: 'trebuchet ms', geneva; font-size: 18px;\">Kohandatavad tellimused vastavalt Sinu soovile<\/span><\/p><p><span style=\"font-family: 'trebuchet ms', geneva; font-size: 18px;\">Tellides minu tooteid tood r\u00f5\u00f5mu igasse p\u00e4eva!<\/span><\/p>\t\t\t\t\t\t<\/div>\n\t\t\t\t<\/div>\n\t\t\t\t\t<\/div>\n\t\t\t\t<\/div>\n\t\t\t\t\t\t\t<\/div>\n\t\t","protected":false},"excerpt":{"rendered":"<p>Tere tulemast imelisse pagar-kondiitri maailma Tartumaal ja Alatskivil! Pakun kvaliteetseid ja maitseelamusi pakkuvaid torte, kooke, pulgakooke, makroone, k\u00fcpsiseid ja kinkekarpe, leibasid ja saiasid. K\u00e4sit\u00f6\u00f6na valminud k\u00fcpsetised sobivad suurep\u00e4raselt nii pidulikeks s\u00fcndmusteks kui ka igap\u00e4evaseks naudinguks. tootevalik Tordid on valminud\u00a0armastusega ja ainult parimatest toorainetest.\u00a0Valikus on mitmeid ahvatlevaid maitseid ja disaine, mis r\u00f5\u00f5mustavad nii silma kui ka [&hellip;]<\/p>\n","protected":false},"author":2,"featured_media":0,"parent":0,"menu_order":0,"comment_status":"closed","ping_status":"closed","template":"","meta":{"footnotes":""},"class_list":["post-12329","page","type-page","status-publish","hentry"],"yoast_head":"<!-- This site is optimized with the Yoast SEO plugin v21.7 - https:\/\/yoast.com\/wordpress\/plugins\/seo\/ -->\n<title>tellimine - KadiLellep O\u00dc<\/title>\n<meta name=\"robots\" content=\"index, follow, max-snippet:-1, max-image-preview:large, max-video-preview:-1\" \/>\n<link rel=\"canonical\" href=\"https:\/\/roosmann.ee\/kadi7\/tellimine\/\" \/>\n<meta property=\"og:locale\" content=\"en_US\" \/>\n<meta property=\"og:type\" content=\"article\" \/>\n<meta property=\"og:title\" content=\"tellimine - KadiLellep O\u00dc\" \/>\n<meta property=\"og:description\" content=\"Tere tulemast imelisse pagar-kondiitri maailma Tartumaal ja Alatskivil! Pakun kvaliteetseid ja maitseelamusi pakkuvaid torte, kooke, pulgakooke, makroone, k\u00fcpsiseid ja kinkekarpe, leibasid ja saiasid. K\u00e4sit\u00f6\u00f6na valminud k\u00fcpsetised sobivad suurep\u00e4raselt nii pidulikeks s\u00fcndmusteks kui ka igap\u00e4evaseks naudinguks. tootevalik Tordid on valminud\u00a0armastusega ja ainult parimatest toorainetest.\u00a0Valikus on mitmeid ahvatlevaid maitseid ja disaine, mis r\u00f5\u00f5mustavad nii silma kui ka [&hellip;]\" \/>\n<meta property=\"og:url\" content=\"https:\/\/roosmann.ee\/kadi7\/tellimine\/\" \/>\n<meta property=\"og:site_name\" content=\"KadiLellep O\u00dc\" \/>\n<meta property=\"article:modified_time\" content=\"2024-10-24T13:52:15+00:00\" \/>\n<meta name=\"twitter:card\" content=\"summary_large_image\" \/>\n<meta name=\"twitter:label1\" content=\"Est. reading time\" \/>\n\t<meta name=\"twitter:data1\" content=\"1 minute\" \/>\n<script type=\"application\/ld+json\" class=\"yoast-schema-graph\">{\"@context\":\"https:\/\/schema.org\",\"@graph\":[{\"@type\":\"WebPage\",\"@id\":\"https:\/\/roosmann.ee\/kadi7\/tellimine\/\",\"url\":\"https:\/\/roosmann.ee\/kadi7\/tellimine\/\",\"name\":\"tellimine - KadiLellep O\u00dc\",\"isPartOf\":{\"@id\":\"https:\/\/roosmann.ee\/kadi7\/#website\"},\"datePublished\":\"2023-11-09T01:18:40+00:00\",\"dateModified\":\"2024-10-24T13:52:15+00:00\",\"breadcrumb\":{\"@id\":\"https:\/\/roosmann.ee\/kadi7\/tellimine\/#breadcrumb\"},\"inLanguage\":\"en-US\",\"potentialAction\":[{\"@type\":\"ReadAction\",\"target\":[\"https:\/\/roosmann.ee\/kadi7\/tellimine\/\"]}]},{\"@type\":\"BreadcrumbList\",\"@id\":\"https:\/\/roosmann.ee\/kadi7\/tellimine\/#breadcrumb\",\"itemListElement\":[{\"@type\":\"ListItem\",\"position\":1,\"name\":\"Home\",\"item\":\"https:\/\/roosmann.ee\/kadi7\/\"},{\"@type\":\"ListItem\",\"position\":2,\"name\":\"tellimine\"}]},{\"@type\":\"WebSite\",\"@id\":\"https:\/\/roosmann.ee\/kadi7\/#website\",\"url\":\"https:\/\/roosmann.ee\/kadi7\/\",\"name\":\"KadiLellep O\u00dc\",\"description\":\"kondiitri tooted Tartumaal\",\"publisher\":{\"@id\":\"https:\/\/roosmann.ee\/kadi7\/#organization\"},\"potentialAction\":[{\"@type\":\"SearchAction\",\"target\":{\"@type\":\"EntryPoint\",\"urlTemplate\":\"https:\/\/roosmann.ee\/kadi7\/?s={search_term_string}\"},\"query-input\":\"required name=search_term_string\"}],\"inLanguage\":\"en-US\"},{\"@type\":\"Organization\",\"@id\":\"https:\/\/roosmann.ee\/kadi7\/#organization\",\"name\":\"KadiLellep O\u00dc\",\"url\":\"https:\/\/roosmann.ee\/kadi7\/\",\"logo\":{\"@type\":\"ImageObject\",\"inLanguage\":\"en-US\",\"@id\":\"https:\/\/roosmann.ee\/kadi7\/#\/schema\/logo\/image\/\",\"url\":\"https:\/\/roosmann.ee\/kadi7\/wp-content\/uploads\/2024\/10\/kadilellep.png\",\"contentUrl\":\"https:\/\/roosmann.ee\/kadi7\/wp-content\/uploads\/2024\/10\/kadilellep.png\",\"width\":502,\"height\":153,\"caption\":\"KadiLellep O\u00dc\"},\"image\":{\"@id\":\"https:\/\/roosmann.ee\/kadi7\/#\/schema\/logo\/image\/\"}}]}<\/script>\n<!-- \/ Yoast SEO plugin. -->","yoast_head_json":{"title":"tellimine - KadiLellep O\u00dc","robots":{"index":"index","follow":"follow","max-snippet":"max-snippet:-1","max-image-preview":"max-image-preview:large","max-video-preview":"max-video-preview:-1"},"canonical":"https:\/\/roosmann.ee\/kadi7\/tellimine\/","og_locale":"en_US","og_type":"article","og_title":"tellimine - KadiLellep O\u00dc","og_description":"Tere tulemast imelisse pagar-kondiitri maailma Tartumaal ja Alatskivil! Pakun kvaliteetseid ja maitseelamusi pakkuvaid torte, kooke, pulgakooke, makroone, k\u00fcpsiseid ja kinkekarpe, leibasid ja saiasid. K\u00e4sit\u00f6\u00f6na valminud k\u00fcpsetised sobivad suurep\u00e4raselt nii pidulikeks s\u00fcndmusteks kui ka igap\u00e4evaseks naudinguks. tootevalik Tordid on valminud\u00a0armastusega ja ainult parimatest toorainetest.\u00a0Valikus on mitmeid ahvatlevaid maitseid ja disaine, mis r\u00f5\u00f5mustavad nii silma kui ka [&hellip;]","og_url":"https:\/\/roosmann.ee\/kadi7\/tellimine\/","og_site_name":"KadiLellep O\u00dc","article_modified_time":"2024-10-24T13:52:15+00:00","twitter_card":"summary_large_image","twitter_misc":{"Est. reading time":"1 minute"},"schema":{"@context":"https:\/\/schema.org","@graph":[{"@type":"WebPage","@id":"https:\/\/roosmann.ee\/kadi7\/tellimine\/","url":"https:\/\/roosmann.ee\/kadi7\/tellimine\/","name":"tellimine - KadiLellep O\u00dc","isPartOf":{"@id":"https:\/\/roosmann.ee\/kadi7\/#website"},"datePublished":"2023-11-09T01:18:40+00:00","dateModified":"2024-10-24T13:52:15+00:00","breadcrumb":{"@id":"https:\/\/roosmann.ee\/kadi7\/tellimine\/#breadcrumb"},"inLanguage":"en-US","potentialAction":[{"@type":"ReadAction","target":["https:\/\/roosmann.ee\/kadi7\/tellimine\/"]}]},{"@type":"BreadcrumbList","@id":"https:\/\/roosmann.ee\/kadi7\/tellimine\/#breadcrumb","itemListElement":[{"@type":"ListItem","position":1,"name":"Home","item":"https:\/\/roosmann.ee\/kadi7\/"},{"@type":"ListItem","position":2,"name":"tellimine"}]},{"@type":"WebSite","@id":"https:\/\/roosmann.ee\/kadi7\/#website","url":"https:\/\/roosmann.ee\/kadi7\/","name":"KadiLellep O\u00dc","description":"kondiitri tooted Tartumaal","publisher":{"@id":"https:\/\/roosmann.ee\/kadi7\/#organization"},"potentialAction":[{"@type":"SearchAction","target":{"@type":"EntryPoint","urlTemplate":"https:\/\/roosmann.ee\/kadi7\/?s={search_term_string}"},"query-input":"required name=search_term_string"}],"inLanguage":"en-US"},{"@type":"Organization","@id":"https:\/\/roosmann.ee\/kadi7\/#organization","name":"KadiLellep O\u00dc","url":"https:\/\/roosmann.ee\/kadi7\/","logo":{"@type":"ImageObject","inLanguage":"en-US","@id":"https:\/\/roosmann.ee\/kadi7\/#\/schema\/logo\/image\/","url":"https:\/\/roosmann.ee\/kadi7\/wp-content\/uploads\/2024\/10\/kadilellep.png","contentUrl":"https:\/\/roosmann.ee\/kadi7\/wp-content\/uploads\/2024\/10\/kadilellep.png","width":502,"height":153,"caption":"KadiLellep O\u00dc"},"image":{"@id":"https:\/\/roosmann.ee\/kadi7\/#\/schema\/logo\/image\/"}}]}},"_links":{"self":[{"href":"https:\/\/roosmann.ee\/kadi7\/wp-json\/wp\/v2\/pages\/12329","targetHints":{"allow":["GET"]}}],"collection":[{"href":"https:\/\/roosmann.ee\/kadi7\/wp-json\/wp\/v2\/pages"}],"about":[{"href":"https:\/\/roosmann.ee\/kadi7\/wp-json\/wp\/v2\/types\/page"}],"author":[{"embeddable":true,"href":"https:\/\/roosmann.ee\/kadi7\/wp-json\/wp\/v2\/users\/2"}],"replies":[{"embeddable":true,"href":"https:\/\/roosmann.ee\/kadi7\/wp-json\/wp\/v2\/comments?post=12329"}],"version-history":[{"count":29,"href":"https:\/\/roosmann.ee\/kadi7\/wp-json\/wp\/v2\/pages\/12329\/revisions"}],"predecessor-version":[{"id":13224,"href":"https:\/\/roosmann.ee\/kadi7\/wp-json\/wp\/v2\/pages\/12329\/revisions\/13224"}],"wp:attachment":[{"href":"https:\/\/roosmann.ee\/kadi7\/wp-json\/wp\/v2\/media?parent=12329"}],"curies":[{"name":"wp","href":"https:\/\/api.w.org\/{rel}","templated":true}]}}